{"id":23013,"date":"2020-08-20T07:33:28","date_gmt":"2020-08-20T05:33:28","guid":{"rendered":"https:\/\/instahelp.me\/?page_id=23013"},"modified":"2026-02-03T14:05:59","modified_gmt":"2026-02-03T13:05:59","slug":"mental-stark","status":"publish","type":"page","link":"https:\/\/instahelp.me\/de\/mental-stark\/","title":{"rendered":"Mental stark mit Toto Wolff"},"content":{"rendered":"<style>\r\n\t.flo-banner {\r\n\t\tposition: fixed;\r\n\t\twidth: 100%;\r\n\t\tmargin-left: auto;\r\n\t\tmargin-right: auto;\r\n\t\ttext-align: center;\r\n\t\tpadding: 10px 0;\r\n\t\tbackground-color: #fdfaef;\r\n\t\tz-index: 999;\r\n\t\tdisplay: none;\r\n\t}\r\n\r\n\t\r\n\r\n\t\/* Default header styles from styles-min.css *\/\r\n\t.header {\r\n\t\tbackground-color: #FFF;\r\n\t}\r\n\r\n\t.header.fixed {\r\n\t\tposition: fixed;\r\n\t\ttop: 0;\r\n\t\tright: 0;\r\n\t\tleft: 0;\r\n\t\tbackground-color: #fff;\r\n\t\tz-index: 9999;\r\n\t}\r\n\r\n\t.header.fixed {\r\n\t\ttop: 32px;\r\n\t}\r\n\r\n\t.header-shadow {\r\n\t\tbox-shadow: 0 0 8px rgba(0, 0, 0, .05);\r\n\t\tbackground-color: #FFF;\r\n\t\tposition: absolute;\r\n\t\tz-index: 10;\r\n\t\tleft: 0;\r\n\t\ttop: 0;\r\n\t\tright: 0;\r\n\t}\r\n\r\n\t.header-shadow.fixed {\r\n\t\tposition: fixed;\r\n\t}\r\n\t.totoflo .menu-btn span {\r\n\t\tbackground: #757575;\r\n\t}\r\n\t@media screen and (min-width: 769px) {\r\n\t\t.bottom-200 {\r\n\t\t\tmargin-bottom: 200px;\r\n\t\t}\r\n\t\t.header-shadow {\r\n\t\t\theight: 80px;\r\n\t\t}\r\n\t\t.header {\r\n\t\t\theight: 80px;\r\n\t\t}\r\n\t}\r\n\t\r\n\t@media screen and (max-width: 768px) {\r\n\t\t.flo-banner {\r\n\t\t\ttop: 0px;\r\n\t\t}\r\n\t\t.m-block {\r\n\t\t\tdisplay: block;\r\n\t\t}\r\n\t}\r\n<\/style>\r\n<script>\r\n\t\/\/ document.getElementsByClassName(\"logo\")[0].src = \"\/wp-content\/themes\/instahelp\/_\/img\/instahelp-logo-white.svg\";\r\n<\/script>\r\n\r\n<div class=\"video-header\">\r\n\t<div class=\"video-wrap\">\r\n\t\t<video id=\"totovideobg\" class=\"totovideobg\" poster=\"\/wp-content\/uploads\/2020\/07\/toto.jpg\" autoplay muted loop playsinline>\r\n\t\t\t<source src=\"\/wp-content\/uploads\/2020\/07\/toto-web-bg.mp4\" type=\"video\/mp4\" \/>\r\n\t\t<\/video>\r\n\t\t<div class=\"video-content m-top-40\">\r\n\t\t\t<span class=\"video-badge uppercase white f13 bold\">Mentale St\u00e4rke<\/span>\r\n\t\t\t<h1 class=\"f60 bold italic p-bottom-20 p-top-20 m-f40\">\r\n\t\t\t\tThe Secret to Success <br \/>\r\n\t\t\t\t<span class=\"italic f34\">von Toto Wolff<span class=\"italic f34 hide-on-mobile\">&nbsp;&nbsp;|&nbsp;<\/span><\/span><br class=\"hide-on-desktop\" \/>\r\n\t\t\t\t<span class=\"m-block italic f20 regular-line-height\">Team Principal &#038; CEO des Mercedes-AMG Petronas F1 Teams\r\n\t\t\t\t<\/span>\r\n\t\t\t<\/h1>\r\n\t\t\t<a href=\"https:\/\/web.instahelp.me\/mhg_totowolff\" class=\"btn btn-green bold f20\">Kostenlos ansehen<\/a>\r\n\t\t<\/div>\r\n\t<\/div>\r\n<\/div>\r\n\r\n<hr class=\"divider\" \/>\r\n\r\n<div class=\"darkgreen-gradient-background\">\r\n\t<div class=\"grid-container\">\r\n\t\t<hr class=\"divider top-60 m-top-30\" \/>\r\n\t\t<div class=\"grid-60 prefix-20 suffix-20\">\r\n\t\t\t<h2 class=\"white bold f26 m-f22 bottom-20\">Werde auch du mental stark mit Toto Wolff<\/h2>\r\n\t\t\t<p class=\"grey-ccc\">\r\n\t\t\t\t<strong class=\"white\">Leistungsdruck, hohe Erwartungen, ambitionierte Ziele <\/strong>&#8211; als Team Principal und CEO des Mercedes-AMG Petronas F1 Teams wei\u00df Toto Wolff was es hei\u00dft, trotz extremer Stresssituationen zu performen.<br \/>\r\n\t\t\t\t<br \/>\r\n\t\t\t\tDer erfolgreiche Rennsportchef und Leader hat seine eigene Erfolgsformel entwickelt, wie er als Manager und Vater mental stark bleibt. Im <strong class=\"white\">Mental Health Gym von Instahelp<\/strong> gibt er erstmals Einblick in seine ganz pers\u00f6nliche Erfolgsformel f\u00fcr einen starken Geist, erz\u00e4hlt offen \u00fcber H\u00f6hen und Tiefen &#8211; und wieso f\u00fcr ihn mentale St\u00e4rke oberste Priorit\u00e4t hat.\r\n\t\t\t<\/p>\r\n\t\t<\/div>\r\n\t\t<hr class=\"divider bottom-40 m-bottom-10\" \/>\r\n\t\t<div class=\"grid-60 prefix-20 suffix-20 grid-parent\">\r\n\t\t\t<div class=\"grid-40 text-center m-top-20 push-60\">\r\n\t\t\t\t<img decoding=\"async\" src=\"https:\/\/instahelp.me\/wp-content\/uploads\/2020\/07\/toto-wolff.png\" alt=\"Toto Wolff\" \/>\r\n\t\t\t<\/div>\r\n\t\t\t<div class=\"grid-60 pull-40\">\r\n\t\t\t\t<div class=\"quote-testimonial text-center\">\r\n\t\t\t\t\t<blockquote class=\"white f21 italic\">\r\n\t\t\t\t\t\tMan kann nicht funktionieren,<br \/>\r\n\t\t\t\t\t\tohne mental ausgeglichen zu sein.\r\n\t\t\t\t\t<\/blockquote>\r\n\t\t\t\t\t<div class=\"grey-ccc top-30\">\r\n\t\t\t\t\t\t\u2014 Toto Wolff, <br \/>\r\n\t\t\t\t\t\tTeam Principal &#038; CEO des Mercedes-AMG Petronas F1 Teams\r\n\r\n\t\t\t\t\t<\/div>\r\n\t\t\t\t<\/div>\r\n\t\t\t<\/div>\r\n\t\t<\/div>\r\n\t\t<hr class=\"divider bottom-40\" \/>\r\n\t<\/div>\r\n<\/div>\r\n\r\n<hr class=\"divider\" \/>\r\n\r\n<div class=\"light-grey-background\">\r\n\t<div class=\"grid-container\">\r\n\t\t<hr class=\"divider top-60 m-top-30\" \/>\r\n\t\t<div class=\"grid-50\">\r\n\t\t\t<img decoding=\"async\" src=\"https:\/\/instahelp.me\/wp-content\/uploads\/2026\/01\/MHG_Mockup_Toto_Wolff.png\" alt=\"Mental Health Gym Toto Wolff\" \/>\r\n\t\t<\/div>\r\n\t\t<div class=\"grid-50\">\r\n\t\t\t<hr class=\"divider bottom-200 m-bottom-20\" \/>\r\n\t\t\t<h2 class=\"bold italic f30 m-f24 ultradark-green bottom-20\">Trainiere im Instahelp Mental Health Gym und werde mit Toto Wolff mental stark<\/h2>\r\n\t\t\t<p class=\"dark-grey\">\r\n\t\t\t\tRegistriere dich jetzt kostenlose f\u00fcr das Mental Health Gym von Instahelp und erfahre, was Toto Wolffs Erfolgsformel f\u00fcr mentale St\u00e4rke wirklich ausmacht und wie er auch in herausfordenden Moment gut auf sich selbst achtet.\r\n\t\t\t<\/p>\r\n\t\t\t<div class=\"top-40 m-top-20 bottom-50 m-bottom-30\">\r\n\t\t\t\t<a href=\"https:\/\/web.instahelp.me\/mhg_totowolff\" class=\"btn btn-green bold\">Jetzt loslegen<\/a>\r\n\t\t\t<\/div>\r\n\t\t<\/div>\r\n\t\t<hr class=\"divider bottom-60 m-bottom-30\" \/>\r\n\t<\/div>\r\n<\/div>\r\n\r\n<div class=\"darkgreen-gradient-background\">\r\n\t<div class=\"grid-container\">\r\n\t\t<hr class=\"divider top-60 m-top-30\" \/>\r\n\t\t<div class=\"grid-60 prefix-20 suffix-20 text-center\">\r\n\t\t\t<img decoding=\"async\" src=\"https:\/\/instahelp.me\/wp-content\/uploads\/2026\/01\/All_Devices_green_web.png\" srcset=\"\/wp-content\/uploads\/2026\/01\/All_Devices_green_web.png 1x, \/wp-content\/uploads\/2026\/01\/All_Devices_green_web@2x.png 2x\" alt=\"Instahelp\" class=\"bottom-30\" \/>\r\n\t\t\t<h2 class=\"bold f26 text-center white bottom-30 m-f20\">\r\n\t\t\t\tDein individueller Weg zur mentalen St\u00e4rke <br class=\"hide-on-mobile\" \/>\r\n\t\t\t\tmit psychologischer Beratung online\r\n\t\t\t<\/h2>\r\n\t\t\t<p class=\"grey-ccc\">\r\n\t\t\t\tEntwickle deine eigene Erfolgsformel f\u00fcr mentale St\u00e4rke. Bei Instahelp stehen dir daf\u00fcr \u00fcber 400 Top-Psycholog:innen zur Seite. Gemeinsam mit deinem:r Psycholog:in definierst du deine pers\u00f6nlichen Ziele und findet gemeinsamen deinen individuellen Weg zur mentalen St\u00e4rke. Online\r\n\t\t\t\tund bequem von zu Hause aus.\r\n\t\t\t\t<br \/>\r\n\t\t\t\t<br \/>\r\n\t\t\t\tMit dem Code <strong class=\"white\">TOTO20<\/strong> erm\u00f6glichen wir <strong class=\"white\">\u20ac 20 Rabatt<\/strong> auf dein Erstgespr\u00e4ch.\r\n\t\t\t<\/p>\r\n\t\t\t<div class=\"top-50 bottom-60 m-top-20 m-bottom-30 text-center\">\r\n\t\t\t\t<a href=\"https:\/\/instahelp.me\/de\/online-psychologen\/\" class=\"btn btn-green bold\">Jetzt Psycholog:in finden<\/a>\r\n\t\t\t<\/div>\r\n\t\t<\/div>\r\n\t<\/div>\r\n<\/div>\r\n\r\n<hr class=\"divider bottom-40 m-bottom-20\" \/>","protected":false},"excerpt":{"rendered":"Mentale St\u00e4rke The Secret to Success von Toto Wolff&nbsp;&nbsp;|&nbsp; Team Principal &#038; CEO des Mercedes-AMG Petronas F1 Teams Kostenlos ansehen Werde auch du mental stark mit Toto Wolff Leistungsdruck, hohe Erwartungen, ambitionierte Ziele &#8211; als Team Principal und CEO des Mercedes-AMG Petronas F1 Teams wei\u00df Toto Wolff was es hei\u00dft, trotz extremer Stresssituationen zu performen.","protected":false},"author":2,"featured_media":0,"parent":0,"menu_order":0,"comment_status":"closed","ping_status":"closed","template":"template-lp-toto-flo.php","meta":{"footnotes":""},"class_list":["post-23013","page","type-page","status-publish","hentry"],"acf":[],"yoast_head":"<!-- This site is optimized with the Yoast SEO plugin v27.0 - https:\/\/yoast.com\/product\/yoast-seo-wordpress\/ -->\n<title>Werden Sie mental stark mit Toto Wolff - Mercedes Team-Chef, Formel 1<\/title>\n<meta name=\"description\" content=\"Leistungsdruck, hohe Erwartungen, ambitionierte Ziele - als Mercedes Teamchef wei\u00df Toto Wolff was es hei\u00dft, trotz extremer Stresssituationen zu performen.\" \/>\n<meta name=\"robots\" content=\"index, follow, max-snippet:-1, max-image-preview:large, max-video-preview:-1\" \/>\n<link rel=\"canonical\" href=\"https:\/\/instahelp.me\/de\/wp-json\/wp\/v2\/pages\/23013\/\" \/>\n<meta property=\"og:locale\" content=\"de_DE\" \/>\n<meta property=\"og:type\" content=\"article\" \/>\n<meta property=\"og:title\" content=\"Werden Sie mental stark mit Toto Wolff - Mercedes Team-Chef, Formel 1\" \/>\n<meta property=\"og:description\" content=\"Leistungsdruck, hohe Erwartungen, ambitionierte Ziele - als Mercedes Teamchef wei\u00df Toto Wolff was es hei\u00dft, trotz extremer Stresssituationen zu performen.\" \/>\n<meta property=\"og:url\" content=\"https:\/\/instahelp.me\/de\/wp-json\/wp\/v2\/pages\/23013\/\" \/>\n<meta property=\"og:site_name\" content=\"Instahelp - Online-Therapie &amp; Beratung\" \/>\n<meta property=\"article:publisher\" content=\"https:\/\/www.facebook.com\/instahelp.me\/\" \/>\n<meta property=\"article:modified_time\" content=\"2026-02-03T13:05:59+00:00\" \/>\n<meta name=\"twitter:card\" content=\"summary_large_image\" \/>\n<meta name=\"twitter:site\" content=\"@instahelp_me\" \/>\n<meta name=\"twitter:label1\" content=\"Gesch\u00e4tzte Lesezeit\" \/>\n\t<meta name=\"twitter:data1\" content=\"5\u00a0Minuten\" \/>\n<script type=\"application\/ld+json\" class=\"yoast-schema-graph\">{\"@context\":\"https:\/\/schema.org\",\"@graph\":[{\"@type\":\"WebPage\",\"@id\":\"https:\/\/instahelp.me\/de\/mental-stark\/\",\"url\":\"https:\/\/instahelp.me\/de\/mental-stark\/\",\"name\":\"Werden Sie mental stark mit Toto Wolff - Mercedes Team-Chef, Formel 1\",\"isPartOf\":{\"@id\":\"https:\/\/instahelp.me\/de\/#website\"},\"dateModified\":\"2026-02-03T13:05:59+00:00\",\"description\":\"Leistungsdruck, hohe Erwartungen, ambitionierte Ziele - als Mercedes Teamchef wei\u00df Toto Wolff was es hei\u00dft, trotz extremer Stresssituationen zu performen.\",\"breadcrumb\":{\"@id\":\"https:\/\/instahelp.me\/de\/mental-stark\/#breadcrumb\"},\"inLanguage\":\"de\",\"potentialAction\":[{\"@type\":\"ReadAction\",\"target\":[\"https:\/\/instahelp.me\/de\/mental-stark\/\"]}]},{\"@type\":\"BreadcrumbList\",\"@id\":\"https:\/\/instahelp.me\/de\/mental-stark\/#breadcrumb\",\"itemListElement\":[{\"@type\":\"ListItem\",\"position\":1,\"name\":\"Instahelp\",\"item\":\"https:\/\/instahelp.me\/de\/\"},{\"@type\":\"ListItem\",\"position\":2,\"name\":\"Mental stark mit Toto Wolff\"}]},{\"@type\":\"WebSite\",\"@id\":\"https:\/\/instahelp.me\/de\/#website\",\"url\":\"https:\/\/instahelp.me\/de\/\",\"name\":\"Instahelp - Online-Therapie &amp; Beratung\",\"description\":\"Psychologische Online Therapie &amp; Beratung - ohne Wartezeit per Video- &amp; Audio-Chat\",\"publisher\":{\"@id\":\"https:\/\/instahelp.me\/de\/#organization\"},\"potentialAction\":[{\"@type\":\"SearchAction\",\"target\":{\"@type\":\"EntryPoint\",\"urlTemplate\":\"https:\/\/instahelp.me\/de\/?s={search_term_string}\"},\"query-input\":{\"@type\":\"PropertyValueSpecification\",\"valueRequired\":true,\"valueName\":\"search_term_string\"}}],\"inLanguage\":\"de\"},{\"@type\":\"Organization\",\"@id\":\"https:\/\/instahelp.me\/de\/#organization\",\"name\":\"Instahelp\",\"url\":\"https:\/\/instahelp.me\/de\/\",\"logo\":{\"@type\":\"ImageObject\",\"inLanguage\":\"de\",\"@id\":\"https:\/\/instahelp.me\/de\/#\/schema\/logo\/image\/\",\"url\":\"https:\/\/instahelp.me\/wp-content\/uploads\/2016\/07\/instahelp-mail-logo.png\",\"contentUrl\":\"https:\/\/instahelp.me\/wp-content\/uploads\/2016\/07\/instahelp-mail-logo.png\",\"width\":142,\"height\":29,\"caption\":\"Instahelp\"},\"image\":{\"@id\":\"https:\/\/instahelp.me\/de\/#\/schema\/logo\/image\/\"},\"sameAs\":[\"https:\/\/www.facebook.com\/instahelp.me\/\",\"https:\/\/x.com\/instahelp_me\",\"https:\/\/www.instagram.com\/instahelp.me\/\"]}]}<\/script>\n<!-- \/ Yoast SEO plugin. -->","yoast_head_json":{"title":"Werden Sie mental stark mit Toto Wolff - Mercedes Team-Chef, Formel 1","description":"Leistungsdruck, hohe Erwartungen, ambitionierte Ziele - als Mercedes Teamchef wei\u00df Toto Wolff was es hei\u00dft, trotz extremer Stresssituationen zu performen.","robots":{"index":"index","follow":"follow","max-snippet":"max-snippet:-1","max-image-preview":"max-image-preview:large","max-video-preview":"max-video-preview:-1"},"canonical":"https:\/\/instahelp.me\/de\/wp-json\/wp\/v2\/pages\/23013\/","og_locale":"de_DE","og_type":"article","og_title":"Werden Sie mental stark mit Toto Wolff - Mercedes Team-Chef, Formel 1","og_description":"Leistungsdruck, hohe Erwartungen, ambitionierte Ziele - als Mercedes Teamchef wei\u00df Toto Wolff was es hei\u00dft, trotz extremer Stresssituationen zu performen.","og_url":"https:\/\/instahelp.me\/de\/wp-json\/wp\/v2\/pages\/23013\/","og_site_name":"Instahelp - Online-Therapie &amp; Beratung","article_publisher":"https:\/\/www.facebook.com\/instahelp.me\/","article_modified_time":"2026-02-03T13:05:59+00:00","twitter_card":"summary_large_image","twitter_site":"@instahelp_me","twitter_misc":{"Gesch\u00e4tzte Lesezeit":"5\u00a0Minuten"},"schema":{"@context":"https:\/\/schema.org","@graph":[{"@type":"WebPage","@id":"https:\/\/instahelp.me\/de\/mental-stark\/","url":"https:\/\/instahelp.me\/de\/mental-stark\/","name":"Werden Sie mental stark mit Toto Wolff - Mercedes Team-Chef, Formel 1","isPartOf":{"@id":"https:\/\/instahelp.me\/de\/#website"},"dateModified":"2026-02-03T13:05:59+00:00","description":"Leistungsdruck, hohe Erwartungen, ambitionierte Ziele - als Mercedes Teamchef wei\u00df Toto Wolff was es hei\u00dft, trotz extremer Stresssituationen zu performen.","breadcrumb":{"@id":"https:\/\/instahelp.me\/de\/mental-stark\/#breadcrumb"},"inLanguage":"de","potentialAction":[{"@type":"ReadAction","target":["https:\/\/instahelp.me\/de\/mental-stark\/"]}]},{"@type":"BreadcrumbList","@id":"https:\/\/instahelp.me\/de\/mental-stark\/#breadcrumb","itemListElement":[{"@type":"ListItem","position":1,"name":"Instahelp","item":"https:\/\/instahelp.me\/de\/"},{"@type":"ListItem","position":2,"name":"Mental stark mit Toto Wolff"}]},{"@type":"WebSite","@id":"https:\/\/instahelp.me\/de\/#website","url":"https:\/\/instahelp.me\/de\/","name":"Instahelp - Online-Therapie &amp; Beratung","description":"Psychologische Online Therapie &amp; Beratung - ohne Wartezeit per Video- &amp; Audio-Chat","publisher":{"@id":"https:\/\/instahelp.me\/de\/#organization"},"potentialAction":[{"@type":"SearchAction","target":{"@type":"EntryPoint","urlTemplate":"https:\/\/instahelp.me\/de\/?s={search_term_string}"},"query-input":{"@type":"PropertyValueSpecification","valueRequired":true,"valueName":"search_term_string"}}],"inLanguage":"de"},{"@type":"Organization","@id":"https:\/\/instahelp.me\/de\/#organization","name":"Instahelp","url":"https:\/\/instahelp.me\/de\/","logo":{"@type":"ImageObject","inLanguage":"de","@id":"https:\/\/instahelp.me\/de\/#\/schema\/logo\/image\/","url":"https:\/\/instahelp.me\/wp-content\/uploads\/2016\/07\/instahelp-mail-logo.png","contentUrl":"https:\/\/instahelp.me\/wp-content\/uploads\/2016\/07\/instahelp-mail-logo.png","width":142,"height":29,"caption":"Instahelp"},"image":{"@id":"https:\/\/instahelp.me\/de\/#\/schema\/logo\/image\/"},"sameAs":["https:\/\/www.facebook.com\/instahelp.me\/","https:\/\/x.com\/instahelp_me","https:\/\/www.instagram.com\/instahelp.me\/"]}]}},"_links":{"self":[{"href":"https:\/\/instahelp.me\/de\/wp-json\/wp\/v2\/pages\/23013","targetHints":{"allow":["GET"]}}],"collection":[{"href":"https:\/\/instahelp.me\/de\/wp-json\/wp\/v2\/pages"}],"about":[{"href":"https:\/\/instahelp.me\/de\/wp-json\/wp\/v2\/types\/page"}],"author":[{"embeddable":true,"href":"https:\/\/instahelp.me\/de\/wp-json\/wp\/v2\/users\/2"}],"replies":[{"embeddable":true,"href":"https:\/\/instahelp.me\/de\/wp-json\/wp\/v2\/comments?post=23013"}],"version-history":[{"count":27,"href":"https:\/\/instahelp.me\/de\/wp-json\/wp\/v2\/pages\/23013\/revisions"}],"predecessor-version":[{"id":36032,"href":"https:\/\/instahelp.me\/de\/wp-json\/wp\/v2\/pages\/23013\/revisions\/36032"}],"wp:attachment":[{"href":"https:\/\/instahelp.me\/de\/wp-json\/wp\/v2\/media?parent=23013"}],"curies":[{"name":"wp","href":"https:\/\/api.w.org\/{rel}","templated":true}]}}