{"id":33017,"date":"2024-10-04T11:29:38","date_gmt":"2024-10-04T09:29:38","guid":{"rendered":"https:\/\/instahelp.me\/?page_id=33017"},"modified":"2024-12-30T11:09:46","modified_gmt":"2024-12-30T10:09:46","slug":"rahmenbedingungen-bei-weiterempfehlungen","status":"publish","type":"page","link":"https:\/\/instahelp.me\/de\/rahmenbedingungen-bei-weiterempfehlungen\/","title":{"rendered":"Rahmenbedingungen bei Weiterempfehlungen"},"content":{"rendered":"<style>\r\n\t.gpdr-content{\r\n\t\tfont-size: 18px;\r\n\t}\r\n\t.gpdr-content ol,\r\n\t.gpdr-content ul{\r\n\t\tpadding-left:22px;\r\n\t\tpadding-bottom:20px;\r\n\t\tline-height: 1.5em;\r\n\t}\r\n\t.gpdr-content h2,.gpdr-content h3,.gpdr-content h4{\r\n\t\tcolor:#465c4a;\r\n\t\tpadding-bottom:.4em;\r\n\t}\r\n\t.gpdr-content h2{\r\n\t\tfont-size:32px;\r\n\t}\r\n\t.gpdr-content h3{\r\n\t\tfont-size:26px;\r\n\t}\r\n\t.gpdr-content h4{\r\n\t\tfont-size:22px;\r\n\t}\r\n\t.gpdr-content p{\r\n\t\tpadding-bottom:20px;\r\n\t\tfont-size: 18px;\r\n\t\tline-height: 1.5em;\r\n\t}\r\n\t.gpdr-content ul{\r\n\t\tlist-style-type:disc;\r\n\t}\r\n\t.gpdr-content blockquote {\r\n\t\tborder-left: 4px solid rgba(0, 0, 0, .1);\r\n\t\tpadding-left: 20px;\r\n\t\tfont-size: 24px;\r\n\t\tfont-style: italic;\r\n\t\tcolor: #7ebc89;\r\n\t}\r\n\t.gpdr-content blockquote p {\r\n\t\tpadding-bottom: 0;\r\n\t}\r\n\t.gpdr-content a{\r\n\t\tcolor:#7ebc89;\r\n\t\ttext-decoration: none;\r\n\t}\r\n\t.gpdr-content a:hover{\r\n\t\ttext-decoration:underline;\r\n\t}\r\n<\/style>\r\n<div class=\"bottom-20\"><strong>\r\n\r\n<div class=\"grid-container\">\r\n\t<div class=\"grid-100 text-center bottom-50\">\t\r\n\t\t<h1 class=\"green bold f34 text-center top-50 bottom-20\">Rahmenbedingungen bei Weiterempfehlungen<\/h1>\r\n\t\t<div class=\"f16 regular grey prefix-10 suffix-10 bottom-30 normal-line-height\">\r\n     \r\n        <\/div>\r\n\t<\/div>\r\n\t<div class=\"grid-80 grey suffix-10 prefix-10\">\r\n<div class=\"bottom-20\">\r\n\r\nDurch die Teilnahme am Weiterempfehlungsprogramm von Instahelp k\u00f6nnen sich registrierte Kund:innen Boni f\u00fcr Erst- oder Folgeeinheiten sichern. Die Teilnehmenden stimmen den damit verbundenen Rahmenbedingungen zu und erkl\u00e4ren sich gleichzeitig damit einverstanden, unsere <a href=\"https:\/\/instahelp.me\/agb\/\" style=\"color:#7ebc89\">Allgemeinen Gesch\u00e4ftsbedingungen<\/a> zu befolgen. Sofern nicht anders beschrieben, gelten die Allgemeinen Gesch\u00e4ftsbedingungen von Instahelp. Dar\u00fcber hinaus wird in unseren <a href=\"https:\/\/instahelp.me\/datenschutz\/\" style=\"color:#7ebc89\">Datenschutzhinweisen<\/a> beschrieben, wie Instahelp die pers\u00f6nlichen Daten einer jeden Person nutzt, die am Weiterempfehlungsprogramm teilnimmt.<br><br>\r\n\r\nInformationen zum Weiterempfehlungsprogramm werden regelm\u00e4\u00dfig \u00fcber unsere E-Mails oder in der Instahelp App kommuniziert. <br><br>\r\n\r\nInstahelp kann weiteren Personen ganz einfach \u00fcber die Instahelp App empfohlen werden, indem sie auf &#8222;Hilf anderen zu wachsen&#8220; klicken und den bereitgestellten Empfehlungslink teilen. Wie du den Link versenden kannst, erf\u00e4hrst du <a href=\"https:\/\/instahelp.me\/support\/\" style=\"color:#7ebc89\">hier<\/a>. Sobald sich eine Person \u00fcber den Link bei Instahelp registriert und ihr Erstgespr\u00e4ch durchf\u00fchrt, erh\u00e4ltst du von uns einen Bonus im Wert von \u20ac&nbsp;10 (zehn) beziehungsweise \u20ac&nbsp;20 (zwanzig) bei jeder 5. (f\u00fcnften) erfolgreichen Weiterempfehlung. Es ist wichtig zu beachten, dass der Bonus nur dann gew\u00e4hrt wird, wenn die eingeladene Person tats\u00e4chlich das Erstgespr\u00e4ch wahrnimmt und keine R\u00fcckerstattung veranlasst wird.<br><br>\r\n\r\nSelbstempfehlungen sind ausgeschlossen. Au\u00dferdem ist pro Nutzer:in nur ein Instahelp Konto zul\u00e4ssig. Verf\u00fcgt ein:e User:in \u00fcber mehrere Instahelp Konten, werden Boni pro Konto gesammelt und separat betrachtet. Sie sind nicht \u00fcbertragbar oder kombinierbar.<br><br>\r\n\r\nAlle erhaltenen Boni werden in deinem Instahelp Konto gespeichert und automatisch bei der n\u00e4chsten Bezahlung deiner Erst- oder Folgeeinheit abgezogen. Die M\u00f6glichkeit, Boni zu sammeln und erst bei einer sp\u00e4teren Einheit einzul\u00f6sen, gibt es nicht. Zudem k\u00f6nnen die verf\u00fcgbaren Betr\u00e4ge immer nur in ganzen 10er-Schritten eingel\u00f6st werden. Allf\u00e4llige offene Restbetr\u00e4ge sind von dem:der Kund:in zu entrichten.<br><br>\r\n\r\nIst ein Bonus verf\u00fcgbar und wird eine n\u00e4chste Einheit vereinbart, wird der vorhandene Bonus automatisch in voller H\u00f6he jedoch bis maximal \u20ac&nbsp;40 (vierzig) in Abzug gebracht. Hast du mehr Boni verf\u00fcgbar, bleibt der Restbetrag selbstverst\u00e4ndlich erhalten und wird dann bei deiner \u00fcbern\u00e4chsten Einheit abgezogen. <br><br>\r\n\r\nDie Boni k\u00f6nnen nur zum Bezahlen von Erst- bzw. Folgeeinheiten eingel\u00f6st werden, nicht f\u00fcr die auf der Plattform angebotenen kostenpflichtigen Dienste (z. B. Mental Health Gym Plus). Eine Barauszahlung der Boni ist ausgeschlossen. <br><br>\r\n\r\nWenn du deine psychologische Therapie oder Beratung bei Instahelp beendest, aber dein Konto noch beh\u00e4ltst, bleibt ein vorhandener Bonus zun\u00e4chst erhalten und kann bei zuk\u00fcnftigen Einheiten genutzt werden. Bitte beachte jedoch: Sollten wir innerhalb von 24 Monaten keine Kontoaktivit\u00e4t feststellen, behalten wir uns vor, dein Konto zu deaktivieren, wodurch der noch vorhandene Bonus verf\u00e4llt. Wenn du dein Konto selbst deaktivierst und noch einen Bonus hast, verf\u00e4llt dieser ebenfalls, da eine Barauszahlung nicht m\u00f6glich ist.<br><br>\r\n\r\nInstahelp beh\u00e4lt sich das Recht vor, dich von dem Weiterempfehlungsprogramm auszuschlie\u00dfen, sofern sich in dem Bezug missbr\u00e4uchliche oder betr\u00fcgerische Aktivit\u00e4ten ereignen sollten. <br><br>\r\n\r\nDie o.g. Bedingungen k\u00f6nnen sich jederzeit \u00e4ndern. Instahelp kann das Weiterempfehlungsprogramm nach Belieben und ohne Vorwarnung aussetzen, die Bedingungen und den Wert der angebotenen Boni in diesen Weiterempfehlungsbedingungen festlegen und \u00e4ndern und Personen aufgrund o.g. Vorf\u00e4lle von der Teilnahme am Weiterempfehlungsprogramm ausschlie\u00dfen.<br><br>\r\n<\/div>\r\n<\/div>","protected":false},"excerpt":{"rendered":"Rahmenbedingungen bei Weiterempfehlungen Durch die Teilnahme am Weiterempfehlungsprogramm von Instahelp k\u00f6nnen sich registrierte Kund:innen Boni f\u00fcr Erst- oder Folgeeinheiten sichern. Die Teilnehmenden stimmen den damit verbundenen Rahmenbedingungen zu und erkl\u00e4ren sich gleichzeitig damit einverstanden, unsere Allgemeinen Gesch\u00e4ftsbedingungen zu befolgen. Sofern nicht anders beschrieben, gelten die Allgemeinen Gesch\u00e4ftsbedingungen von Instahelp. Dar\u00fcber hinaus wird in unseren Datenschutzhinweisen","protected":false},"author":46,"featured_media":0,"parent":0,"menu_order":0,"comment_status":"closed","ping_status":"closed","template":"","meta":{"footnotes":""},"class_list":["post-33017","page","type-page","status-publish","hentry"],"acf":[],"yoast_head":"<!-- This site is optimized with the Yoast SEO plugin v27.0 - https:\/\/yoast.com\/product\/yoast-seo-wordpress\/ -->\n<title>Rahmenbedingungen bei Weiterempfehlungen<\/title>\n<meta name=\"description\" content=\"Du interessiert dich f\u00fcr das Instahelp Weiterempfehlungsprogramm? Hier findest du die Rahmenbedingungen dazu.\" \/>\n<meta name=\"robots\" content=\"index, follow, max-snippet:-1, max-image-preview:large, max-video-preview:-1\" \/>\n<link rel=\"canonical\" href=\"https:\/\/instahelp.me\/de\/wp-json\/wp\/v2\/pages\/33017\/\" \/>\n<meta property=\"og:locale\" content=\"de_DE\" \/>\n<meta property=\"og:type\" content=\"article\" \/>\n<meta property=\"og:title\" content=\"Rahmenbedingungen bei Weiterempfehlungen\" \/>\n<meta property=\"og:description\" content=\"Du interessiert dich f\u00fcr das Instahelp Weiterempfehlungsprogramm? Hier findest du die Rahmenbedingungen dazu.\" \/>\n<meta property=\"og:url\" content=\"https:\/\/instahelp.me\/de\/wp-json\/wp\/v2\/pages\/33017\/\" \/>\n<meta property=\"og:site_name\" content=\"Instahelp - Online-Therapie &amp; Beratung\" \/>\n<meta property=\"article:publisher\" content=\"https:\/\/www.facebook.com\/instahelp.me\/\" \/>\n<meta property=\"article:modified_time\" content=\"2024-12-30T10:09:46+00:00\" \/>\n<meta name=\"twitter:card\" content=\"summary_large_image\" \/>\n<meta name=\"twitter:site\" content=\"@instahelp_me\" \/>\n<meta name=\"twitter:label1\" content=\"Gesch\u00e4tzte Lesezeit\" \/>\n\t<meta name=\"twitter:data1\" content=\"3\u00a0Minuten\" \/>\n<script type=\"application\/ld+json\" class=\"yoast-schema-graph\">{\"@context\":\"https:\/\/schema.org\",\"@graph\":[{\"@type\":\"WebPage\",\"@id\":\"https:\/\/instahelp.me\/de\/rahmenbedingungen-bei-weiterempfehlungen\/\",\"url\":\"https:\/\/instahelp.me\/de\/rahmenbedingungen-bei-weiterempfehlungen\/\",\"name\":\"Rahmenbedingungen bei Weiterempfehlungen\",\"isPartOf\":{\"@id\":\"https:\/\/instahelp.me\/de\/#website\"},\"dateModified\":\"2024-12-30T10:09:46+00:00\",\"description\":\"Du interessiert dich f\u00fcr das Instahelp Weiterempfehlungsprogramm? Hier findest du die Rahmenbedingungen dazu.\",\"breadcrumb\":{\"@id\":\"https:\/\/instahelp.me\/de\/rahmenbedingungen-bei-weiterempfehlungen\/#breadcrumb\"},\"inLanguage\":\"de\",\"potentialAction\":[{\"@type\":\"ReadAction\",\"target\":[\"https:\/\/instahelp.me\/de\/rahmenbedingungen-bei-weiterempfehlungen\/\"]}]},{\"@type\":\"BreadcrumbList\",\"@id\":\"https:\/\/instahelp.me\/de\/rahmenbedingungen-bei-weiterempfehlungen\/#breadcrumb\",\"itemListElement\":[{\"@type\":\"ListItem\",\"position\":1,\"name\":\"Instahelp\",\"item\":\"https:\/\/instahelp.me\/de\/\"},{\"@type\":\"ListItem\",\"position\":2,\"name\":\"Rahmenbedingungen bei Weiterempfehlungen\"}]},{\"@type\":\"WebSite\",\"@id\":\"https:\/\/instahelp.me\/de\/#website\",\"url\":\"https:\/\/instahelp.me\/de\/\",\"name\":\"Instahelp - Online-Therapie &amp; Beratung\",\"description\":\"Psychologische Online Therapie &amp; Beratung - ohne Wartezeit per Video- &amp; Audio-Chat\",\"publisher\":{\"@id\":\"https:\/\/instahelp.me\/de\/#organization\"},\"potentialAction\":[{\"@type\":\"SearchAction\",\"target\":{\"@type\":\"EntryPoint\",\"urlTemplate\":\"https:\/\/instahelp.me\/de\/?s={search_term_string}\"},\"query-input\":{\"@type\":\"PropertyValueSpecification\",\"valueRequired\":true,\"valueName\":\"search_term_string\"}}],\"inLanguage\":\"de\"},{\"@type\":\"Organization\",\"@id\":\"https:\/\/instahelp.me\/de\/#organization\",\"name\":\"Instahelp\",\"url\":\"https:\/\/instahelp.me\/de\/\",\"logo\":{\"@type\":\"ImageObject\",\"inLanguage\":\"de\",\"@id\":\"https:\/\/instahelp.me\/de\/#\/schema\/logo\/image\/\",\"url\":\"https:\/\/instahelp.me\/wp-content\/uploads\/2016\/07\/instahelp-mail-logo.png\",\"contentUrl\":\"https:\/\/instahelp.me\/wp-content\/uploads\/2016\/07\/instahelp-mail-logo.png\",\"width\":142,\"height\":29,\"caption\":\"Instahelp\"},\"image\":{\"@id\":\"https:\/\/instahelp.me\/de\/#\/schema\/logo\/image\/\"},\"sameAs\":[\"https:\/\/www.facebook.com\/instahelp.me\/\",\"https:\/\/x.com\/instahelp_me\",\"https:\/\/www.instagram.com\/instahelp.me\/\"]}]}<\/script>\n<!-- \/ Yoast SEO plugin. -->","yoast_head_json":{"title":"Rahmenbedingungen bei Weiterempfehlungen","description":"Du interessiert dich f\u00fcr das Instahelp Weiterempfehlungsprogramm? Hier findest du die Rahmenbedingungen dazu.","robots":{"index":"index","follow":"follow","max-snippet":"max-snippet:-1","max-image-preview":"max-image-preview:large","max-video-preview":"max-video-preview:-1"},"canonical":"https:\/\/instahelp.me\/de\/wp-json\/wp\/v2\/pages\/33017\/","og_locale":"de_DE","og_type":"article","og_title":"Rahmenbedingungen bei Weiterempfehlungen","og_description":"Du interessiert dich f\u00fcr das Instahelp Weiterempfehlungsprogramm? Hier findest du die Rahmenbedingungen dazu.","og_url":"https:\/\/instahelp.me\/de\/wp-json\/wp\/v2\/pages\/33017\/","og_site_name":"Instahelp - Online-Therapie &amp; Beratung","article_publisher":"https:\/\/www.facebook.com\/instahelp.me\/","article_modified_time":"2024-12-30T10:09:46+00:00","twitter_card":"summary_large_image","twitter_site":"@instahelp_me","twitter_misc":{"Gesch\u00e4tzte Lesezeit":"3\u00a0Minuten"},"schema":{"@context":"https:\/\/schema.org","@graph":[{"@type":"WebPage","@id":"https:\/\/instahelp.me\/de\/rahmenbedingungen-bei-weiterempfehlungen\/","url":"https:\/\/instahelp.me\/de\/rahmenbedingungen-bei-weiterempfehlungen\/","name":"Rahmenbedingungen bei Weiterempfehlungen","isPartOf":{"@id":"https:\/\/instahelp.me\/de\/#website"},"dateModified":"2024-12-30T10:09:46+00:00","description":"Du interessiert dich f\u00fcr das Instahelp Weiterempfehlungsprogramm? Hier findest du die Rahmenbedingungen dazu.","breadcrumb":{"@id":"https:\/\/instahelp.me\/de\/rahmenbedingungen-bei-weiterempfehlungen\/#breadcrumb"},"inLanguage":"de","potentialAction":[{"@type":"ReadAction","target":["https:\/\/instahelp.me\/de\/rahmenbedingungen-bei-weiterempfehlungen\/"]}]},{"@type":"BreadcrumbList","@id":"https:\/\/instahelp.me\/de\/rahmenbedingungen-bei-weiterempfehlungen\/#breadcrumb","itemListElement":[{"@type":"ListItem","position":1,"name":"Instahelp","item":"https:\/\/instahelp.me\/de\/"},{"@type":"ListItem","position":2,"name":"Rahmenbedingungen bei Weiterempfehlungen"}]},{"@type":"WebSite","@id":"https:\/\/instahelp.me\/de\/#website","url":"https:\/\/instahelp.me\/de\/","name":"Instahelp - Online-Therapie &amp; Beratung","description":"Psychologische Online Therapie &amp; Beratung - ohne Wartezeit per Video- &amp; Audio-Chat","publisher":{"@id":"https:\/\/instahelp.me\/de\/#organization"},"potentialAction":[{"@type":"SearchAction","target":{"@type":"EntryPoint","urlTemplate":"https:\/\/instahelp.me\/de\/?s={search_term_string}"},"query-input":{"@type":"PropertyValueSpecification","valueRequired":true,"valueName":"search_term_string"}}],"inLanguage":"de"},{"@type":"Organization","@id":"https:\/\/instahelp.me\/de\/#organization","name":"Instahelp","url":"https:\/\/instahelp.me\/de\/","logo":{"@type":"ImageObject","inLanguage":"de","@id":"https:\/\/instahelp.me\/de\/#\/schema\/logo\/image\/","url":"https:\/\/instahelp.me\/wp-content\/uploads\/2016\/07\/instahelp-mail-logo.png","contentUrl":"https:\/\/instahelp.me\/wp-content\/uploads\/2016\/07\/instahelp-mail-logo.png","width":142,"height":29,"caption":"Instahelp"},"image":{"@id":"https:\/\/instahelp.me\/de\/#\/schema\/logo\/image\/"},"sameAs":["https:\/\/www.facebook.com\/instahelp.me\/","https:\/\/x.com\/instahelp_me","https:\/\/www.instagram.com\/instahelp.me\/"]}]}},"_links":{"self":[{"href":"https:\/\/instahelp.me\/de\/wp-json\/wp\/v2\/pages\/33017","targetHints":{"allow":["GET"]}}],"collection":[{"href":"https:\/\/instahelp.me\/de\/wp-json\/wp\/v2\/pages"}],"about":[{"href":"https:\/\/instahelp.me\/de\/wp-json\/wp\/v2\/types\/page"}],"author":[{"embeddable":true,"href":"https:\/\/instahelp.me\/de\/wp-json\/wp\/v2\/users\/46"}],"replies":[{"embeddable":true,"href":"https:\/\/instahelp.me\/de\/wp-json\/wp\/v2\/comments?post=33017"}],"version-history":[{"count":30,"href":"https:\/\/instahelp.me\/de\/wp-json\/wp\/v2\/pages\/33017\/revisions"}],"predecessor-version":[{"id":33535,"href":"https:\/\/instahelp.me\/de\/wp-json\/wp\/v2\/pages\/33017\/revisions\/33535"}],"wp:attachment":[{"href":"https:\/\/instahelp.me\/de\/wp-json\/wp\/v2\/media?parent=33017"}],"curies":[{"name":"wp","href":"https:\/\/api.w.org\/{rel}","templated":true}]}}