{"id":33167,"date":"2024-10-24T17:02:09","date_gmt":"2024-10-24T15:02:09","guid":{"rendered":"https:\/\/instahelp.me\/?page_id=33167"},"modified":"2026-01-09T13:18:28","modified_gmt":"2026-01-09T12:18:28","slug":"mhgplus","status":"publish","type":"page","link":"https:\/\/instahelp.me\/de\/mhgplus\/","title":{"rendered":"Mental Health Gym Plus"},"content":{"rendered":"<style>\r\n\t\r\n\t.event-hero {\r\n\t\tposition: relative;\r\n\t\tbackground-image: url(\/wp-content\/uploads\/2024\/04\/event-hero-bg.jpg);\r\n\t\tbackground-repeat: no-repeat;\r\n\t\tbackground-size: cover;\r\n\t\tbackground-color: #458250;\r\n\t\tmargin: auto;\r\n\t}\r\n\t.event-hero::before {\r\n\t\tcontent: \"\";\r\n\t\tposition: absolute;\r\n\t\ttop: 0;\r\n\t\tleft: 0;\r\n\t\twidth: 100%;\r\n\t\theight: 100%;\r\n\t\tbackground-color: rgba(0, 0, 0, 0.35); \/* 0.35 opacity black *\/\r\n\t\tpointer-events: none; \/* allows clicks to pass through *\/\r\n\t\tz-index: 1;\r\n\t}\r\n\t.event-hero>.grid-container {\r\n\t\tposition: relative;\r\n\t\tz-index: 2;\r\n\t}\r\n\t.text-shadow {\r\n\t\ttext-shadow: 0px 1px 2px rgba(0, 0, 0, 0.15);\r\n\t}\r\n\t.btn-transparent {\r\n\t\ttext-decoration: underline;\r\n\t}\r\n\t.white-underline {\r\n\t\tbackground-image: -webkit-gradient(linear, left top, left bottom, color-stop(50%, transparent), color-stop(50%, #FFF));\r\n\t\tbackground-image: linear-gradient(to bottom, transparent 50%, #FFF 50%);\r\n\t\tbackground-repeat: repeat-x;\r\n\t\tbackground-size: 20px 1em;\r\n\t\tbackground-position: 0 80%;\r\n\t}\r\n\t\r\n\t.mhg-yearly,\r\n\t.mhg-monthly {\r\n\t\tbackground-color: #458250;\r\n\t\tborder-radius: 20px;\r\n\t\tborder: 2px solid #458250;\r\n\t}\r\n\t.mhg-monthly {\r\n\t\tbackground-color: #F2C078;\r\n\t\tborder-color: #F2C078;\r\n\t}\r\n\t.mhg-head {\r\n\t\tpadding: 15px;\r\n\t}\r\n\t.mhg-body {\r\n\t\tbackground-color: #FFF;\r\n\t\tpadding: 20px;\r\n\t\tborder-radius: 18px;\r\n\t}\r\n\t.mhg-pricing-wrap {\r\n\t\tdisplay: flex;\r\n\t\tflex-direction: row;\r\n\t\tflex-wrap: nowrap;\r\n\t\tjustify-content: center;\r\n\t\tgap: 20px;\r\n\t}\r\n\t@media screen and (min-width: 768px) {\t\r\n\t\t.f44 {\r\n\t\t\tfont-size: 44px;\r\n\t\t}\r\n\t\t.top-150 {\r\n\t\t\tmargin-top: 150px;\r\n\t\t}\r\n\t}\r\n\t@media screen and (max-width: 768px) {\t\r\n\t\t.mhg-pricing-wrap {\r\n\t\t\tflex-direction: column;\r\n\t\t}\r\n\t}\r\n\t@media screen and (max-width: 480px) {\r\n\t\t\r\n\t}\r\n\r\n<\/style>\r\n\r\n<!-- HERO -->\r\n<div class=\"event-hero\">\r\n\t<div class=\"grid-container\">\r\n\t\t<div class=\"grid-45 m-text-center\">\r\n\t\t\t<hr class=\"divider bottom-80 m-bottom-20\" \/>\r\n\t\t\t<span id=\"hero-subtitle\" class=\"bold uppercase f18 m-f16 white text-shadow\">Mehr Ruhe, weniger Stress<\/span>\r\n\t\t\t<h1 id=\"hero-title\" class=\"bold f44 m-f28 white normal-line-height bottom-20 top-20 text-shadow\">\r\n\t\t\t\tDeine App f\u00fcr ein stressfreies Leben\r\n\t\t\t<\/h1>\r\n\t\t\t<p id=\"hero-text\" class=\"f20 m-f18 bottom-30 white text-shadow\">\r\n\t\t\t\tTrainiere jetzt im Instahelp Mental Health Gym <br class=\"hide-on-mobile\" \/> \r\n\t\t\t\tund reduziere deinen Stress nachhaltig.\r\n\t\t\t<\/p>\r\n\t\t\t<a href=\"https:\/\/web.instahelp.me\/mhgplus\" class=\"btn btn-white bold f20 register-link\" target=\"_blank\" rel=\"noopener\">\r\n\t\t\t\tKostenlos registrieren\r\n\t\t\t<\/a>\r\n\t\t\t<a href=\"#mhg-plus\" class=\"btn btn-transparent white underline bold f20 more-link\" target=\"_blank\" rel=\"noopener\">\r\n\t\t\t\tMehr erfahren\r\n\t\t\t<\/a>\r\n\t\t<\/div>\r\n\t\t<div class=\"grid-50\">\r\n\t\t\t<hr class=\"divider bottom-30 m-bottom-20\" \/>\r\n\t\t\t<div class=\"mockup-wrap\">\r\n\t\t\t\t<img decoding=\"async\" src=\"https:\/\/instahelp.me\/wp-content\/uploads\/2024\/10\/mockup_mhg_ads.png\" srcset=\"\/wp-content\/uploads\/2024\/10\/mockup_mhg_ads.png 1x, \/wp-content\/uploads\/2024\/10\/mockup_mhg_ads@2x.png 2x\" alt=\"Instahelp App\" style=\"display: block;\" \/>\r\n\t\t\t<\/div>\r\n\t\t<\/div>\r\n\t<\/div>\r\n<\/div>\r\n\r\n<!-- APP BULLETS -->\r\n<section class=\"light-green-background\" id=\"mhg-plus\">\r\n\t<div class=\"grid-container\">\r\n\t\t<div class=\"grid-100 text-center\">\r\n\t\t\t<h2 class=\"bold ultadark-green f36 m-f24 bottom-10 m-bottom-10 top-60 m-top-40\">\r\n\t\t\t\t<span class=\"white-underline bold\" id=\"section-title\">Mental Health Gym PLUS<\/span>\r\n\t\t\t<\/h2>\r\n\t\t\t<p id=\"section-text\" class=\"f18 m-f16\">\r\n\t\t\t\tStarte jetzt dein Training zu mehr Gelassenheit\r\n\t\t\t<\/p>\r\n\t\t\t<img decoding=\"async\" src=\"https:\/\/instahelp.me\/wp-content\/uploads\/2024\/10\/instahelp_mental_health_gym_bullets.png\" srcset=\"\/wp-content\/uploads\/2024\/10\/instahelp_mental_health_gym_bullets.png 1x, \/wp-content\/uploads\/2024\/10\/instahelp_mental_health_gym_bullets@2x.png 2x\" alt=\"Instahelp App\" style=\"display: block;\" class=\"hide-on-mobile\"\/>\r\n\t\t\t<img decoding=\"async\" src=\"https:\/\/instahelp.me\/wp-content\/uploads\/2024\/10\/instahelp_mental_health_gym_bullets_mobile.png\" srcset=\"\/wp-content\/uploads\/2024\/10\/instahelp_mental_health_gym_bullets_mobile.png 1x, \/wp-content\/uploads\/2024\/10\/instahelp_mental_health_gym_bullets_mobile@2x.png 2x\" alt=\"Instahelp App\" style=\"display: block;\" class=\"hide-on-desktop\"\/>\r\n\t\t<\/div>\r\n\t<\/div>\r\n<\/section>\r\n\t\t\r\n\r\n<!-- TRAINING -->\r\n<section class=\"\">\r\n\t<div class=\"grid-container\">\r\n\t\t<div class=\"grid-100 text-center bottom-70 m-bottom-30\">\r\n\t\t\t<h2 class=\"bold ultadark-green f36 m-f24 bottom-10 m-bottom-10 top-60 m-top-40\">\r\n\t\t\t\t<span class=\"green-underline bold\">Starte jetzt dein Training im Mental Health Gym Plus<\/span>\r\n\t\t\t<\/h2>\r\n\t\t\t<p class=\"f18 m-f16 bottom-20  \">\r\n\t\t\t\tSchalte das Mental Health Gym Plus in der Instahelp App frei und st\u00e4rke deine mentale Gesundheit gezielt.\u00a0\r\n\t\t\t<\/p>\r\n\t\t\t<p class=\"f18 m-f16\" id=\"training-text\">\r\n\t\t\t\tDurch wissenschaftlich fundierte \u00dcbungen und Tools, entwickelt von Klinischen und Gesundheitspsycholog:innen, reduzierst du Stress und f\u00f6rderst dein Wohlbefinden.\r\n\t\t\t<\/p>\r\n\t\t<\/div>\r\n\t\t<div class=\"grid-33 text-center m-bottom-20\">\r\n\t\t\t<img decoding=\"async\" src=\"https:\/\/instahelp.me\/wp-content\/uploads\/2024\/10\/train.jpg\" srcset=\"\/wp-content\/uploads\/2024\/10\/train.jpg 1x, \/wp-content\/uploads\/2024\/10\/train@2x.jpg 2x\" alt=\"Train\" \/>\r\n\t\t\t<h3 class=\"bold f22 m-f20\">\r\n\t\t\t\tTrainiere\r\n\t\t\t<\/h3>\r\n\t\t\t<p class=\"f18\">\r\n\t\t\t\t25+ personalisierte Trainingspl\u00e4ne und Kollektionen\r\n\t\t\t<\/p>\r\n\t\t<\/div>\r\n\t\t\r\n\t\t<div class=\"grid-33 text-center m-bottom-20\">\r\n\t\t\t<img decoding=\"async\" src=\"https:\/\/instahelp.me\/wp-content\/uploads\/2024\/10\/learn.jpg\" srcset=\"\/wp-content\/uploads\/2024\/10\/learn.jpg 1x, \/wp-content\/uploads\/2024\/10\/learn@2x.jpg 2x\" alt=\"Lerne\" \/>\r\n\t\t\t<h3 class=\"bold f22 m-f20\">\r\n\t\t\t\tLerne\r\n\t\t\t<\/h3>\r\n\t\t\t<p class=\"f18\">\r\n\t\t\t\t140+ fundierte Selfcare-Inhalte\r\n\t\t\t<\/p>\r\n\t\t<\/div>\r\n\t\t\r\n\t\t<div class=\"grid-33 text-center m-bottom-20\">\r\n\t\t\t<img decoding=\"async\" src=\"https:\/\/instahelp.me\/wp-content\/uploads\/2024\/10\/relax.jpg\" srcset=\"\/wp-content\/uploads\/2024\/10\/relax.jpg 1x, \/wp-content\/uploads\/2024\/10\/relax@2x.jpg 2x\" alt=\"Lerne\" \/>\r\n\t\t\t<h3 class=\"bold f22 m-f20\">\r\n\t\t\t\tEntspanne\r\n\t\t\t<\/h3>\r\n\t\t\t<p class=\"f18\">\r\n\t\t\t\t\u00a0120+ Minuten Entspannung und Achtsamkeit\r\n\t\t\t<\/p>\r\n\t\t<\/div>\r\n\t\t<hr class=\"divider bottom-70 m-bottom-40\" \/>\r\n\t<\/div>\r\n<\/section>\r\n\r\n<!-- BEGLEITER -->\r\n<section class=\"light-green-background\">\r\n\t<div class=\"grid-container\">\r\n\t\t<div class=\"grid-100 text-center\">\r\n\t\t\t\r\n\t\t\t<img decoding=\"async\" src=\"https:\/\/instahelp.me\/wp-content\/uploads\/2024\/10\/begleiter.png\" srcset=\"\/wp-content\/uploads\/2024\/10\/begleiter.png 1x, \/wp-content\/uploads\/2024\/10\/begleiter@2x.png 2x\" alt=\"Instahelp App\" class=\"top-60 m-top-30 hide-on-mobile\"\/>\r\n\t\t\t<img decoding=\"async\" src=\"https:\/\/instahelp.me\/wp-content\/uploads\/2024\/10\/begleiter_mobile.png\" srcset=\"\/wp-content\/uploads\/2024\/10\/begleiter_mobile.png 1x, \/wp-content\/uploads\/2024\/10\/begleiter_mobile@2x.png 2x\" alt=\"Instahelp App\" class=\"top-60 m-top-30 hide-on-desktop\"\/>\r\n\t\t\t\r\n\t\t\t<h2 class=\"bold ultadark-green f36 m-f24 bottom-10 m-bottom-10 top-20 m-top-20\">\r\n\t\t\t\t<span class=\"white-underline bold\">Dein t\u00e4glicher Mental Health Begleiter<\/span>\r\n\t\t\t<\/h2>\r\n\t\t\t<p class=\"f18 m-f16 prefix-20 suffix-20 grid-60 grid-parent bottom-30\">\r\n\t\t\t\tOb Beziehungsprobleme, berufliche Herausforderungen, depressive Verstimmungen oder andere pers\u00f6nliche Themen: Im Mental Health Gym findest du die Hilfe, die du brauchst. \r\n\t\t\t<\/p>\r\n\t\t\t<a href=\"https:\/\/web.instahelp.me\/mhgplus\" class=\"btn btn-green bold f20 register-link\" target=\"_blank\" rel=\"noopener\">\r\n\t\t\t\tKostenlos registrieren\r\n\t\t\t<\/a>\r\n\t\t\t<hr class=\"divider bottom-30\" \/>\r\n\t\t<\/div>\r\n\t<\/div>\r\n<\/section>\r\n\r\n\r\n<!-- PRICING -->\r\n<section class=\"\">\r\n\t<div class=\"grid-container\">\r\n\t\t<div class=\"grid-100 text-center bottom-70 m-bottom-30\">\r\n\t\t\t<h2 class=\"bold ultadark-green f36 m-f24 top-60 m-top-40\">\r\n\t\t\t\t<span class=\"green-underline bold\">Du entscheidest:<\/span>\r\n\t\t\t<\/h2>\r\n\t\t<\/div>\r\n\t\t\r\n\t\t<div class=\"mhg-pricing-wrap\">\r\n\t\t\t<div class=\"mhg-yearly text-center\">\r\n\t\t\t\t<div class=\"mhg-head\">\r\n\t\t\t\t\t<h3 class=\"bold white f30 m-f24\">\r\n\t\t\t\t\t\tJahresmitgliedschaft\r\n\t\t\t\t\t<\/h3>\r\n\t\t\t\t<\/div>\r\n\t\t\t\t<div class=\"mhg-body\">\r\n\t\t\t\t\t<div class=\"f18 m-f16\">\r\n\t\t\t\t\t\tGenie\u00dfe 1 Jahr lang <br \/>\r\n\t\t\t\t\t\t<span class=\"bold\">\r\n\t\t\t\t\t\t\tunbegrenzten Zugriff auf alle (175+) Inhalte\r\n\t\t\t\t\t\t<\/span>\r\n\t\t\t\t\t<\/div>\r\n\t\t\t\t\t<div class=\"bold green f60 m-f40 top-30\">\r\n\t\t\t\t\t\t\u20ac 69\r\n\t\t\t\t\t<\/div>\r\n\t\t\t\t\t<div class=\"mhg-tag green\">\r\n\t\t\t\t\t\tSpare 32%\r\n\t\t\t\t\t<\/div>\r\n\t\t\t\t\t<div class=\"grey f14\">\r\n\t\t\t\t\t\tAutomatische Verl\u00e4ngerung nach Ablauf des Jahres. J\u00e4hrlich k\u00fcndbar.\r\n\t\t\t\t\t<\/div>\r\n\t\t\t\t<\/div>\r\n\t\t\t<\/div>\r\n\t\t\t<div class=\"mhg-monthly text-center\">\r\n\t\t\t\t<div class=\"mhg-head\">\r\n\t\t\t\t\t<h3 class=\"bold grey f30 m-f24\">\r\n\t\t\t\t\t\tMonatsmitgliedschaft\r\n\t\t\t\t\t<\/h3>\r\n\t\t\t\t<\/div>\r\n\t\t\t\t<div class=\"mhg-body\">\r\n\t\t\t\t\t<div class=\"f18 m-f16\">\r\n\t\t\t\t\t\tGenie\u00dfe 1 Monat lang  <br \/>\r\n\t\t\t\t\t\t<span class=\"bold\">\r\n\t\t\t\t\t\t\tunbegrenzten Zugriff auf alle (175+) Inhalte\r\n\t\t\t\t\t\t<\/span>\r\n\t\t\t\t\t<\/div>\r\n\t\t\t\t\t<div class=\"bold orange f60 m-f40 top-30\">\r\n\t\t\t\t\t\t\u20ac 7,90\r\n\t\t\t\t\t<\/div>\r\n\t\t\t\t\t<div class=\"mhg-tag green\">\r\n\t\t\t\t\t&nbsp;\r\n\t\t\t\t\t<\/div>\r\n\t\t\t\t\t<div class=\"grey f14\">\r\n\t\t\t\t\t\tAutomatische Verl\u00e4ngerung nach Ablauf des Monats. Monatlich k\u00fcndbar.\r\n\t\t\t\t\t<\/div>\r\n\t\t\t\t<\/div>\r\n\t\t\t<\/div>\r\n\t\t<\/div>\r\n\t\t\r\n\t\t<hr class=\"divider bottom-70 m-bottom-40\" \/>\r\n\t\t\r\n\t\t<div class=\"text-center grid-100\">\r\n\t\t\t<a href=\"https:\/\/web.instahelp.me\/mhgplus\" class=\"btn btn-green bold f20 register-link\" target=\"_blank\" rel=\"noopener\">\r\n\t\t\t\tJetzt starten\r\n\t\t\t<\/a>\r\n\t\t<\/div>\r\n\t\t\r\n\t\t<hr class=\"divider bottom-70 m-bottom-40\" \/>\r\n\t\t\t\r\n\t<\/div>\r\n<\/section>\r\n\r\n<div class=\"light-orange-background\">\r\n\t<div class=\"grid-container\">\r\n\t\t\r\n\t\t<div class=\"grid-50\">\r\n\t\t\t<img decoding=\"async\" src=\"https:\/\/instahelp.me\/wp-content\/uploads\/2022\/08\/instahelp-app-mockup.png\" alt=\"Psychologische Onlineberatung in der Instahelp App\" class=\" top-30 \">\r\n\t\t<\/div>\r\n\t\t<div class=\"grid-50\">\r\n\t\t\t\r\n\t\t\t<div class=\"bold dark-green uppercase f18 m-f16 top-150 m-top-10\">\r\n\t\t\t\tGehe den n\u00e4chsten Schritt: \r\n\t\t\t<\/div>\t\r\n\t\t\t<h2 class=\"f34 m-f24 bold bottom-20 m-bottom-20\">\r\n\t\t\t\t<span class=\"green-underline bold\">\r\n\t\t\t\t\tMit psychologischer Beratung online\r\n\t\t\t\t<\/span>\r\n\t\t\t<\/h2>\r\n\t\t\t<p class=\"f17 m-f16 bottom-40 m-bottom-20\">\r\n\t\t\t\tSt\u00e4rke deine mentale Gesundheit \u00fcberall und jederzeit. Bei Instahelp sind \u00fcber 350 erfahrene Klinische und Gesundheitspsycholog:innen \u00fcber Video-\/Audio-Telefonie und Text-Chat f\u00fcr dich da \u2013 auch abends und am Wochenende. Einfach, sicher und auf Wunsch v\u00f6llig anonym.\r\n\t\t\t<\/p>\r\n\r\n\t\t\t<a href=\"https:\/\/instahelp.me\/de\/online-psychologen\/\" class=\"btn btn-green bold f18\" id=\"psy-link\">\r\n\t\t\t\tJetzt Psycholog:in finden\r\n\t\t\t<\/a>\r\n\t\t\t\r\n\t\t<\/div>\r\n\t\t<hr class=\"divider bottom-40 m-bottom-20\">\r\n\t<\/div>\r\n<\/div>\r\n\r\n<hr class=\"divider\" \/>\r\n\r\n<script>\r\n\t\/\/ Funktion zum Abrufen eines GET-Parameters\r\n\tfunction getQueryParameter(param) {\r\n\t\tconst urlParams = new URLSearchParams(window.location.search);\r\n\t\treturn urlParams.get(param);\r\n\t}\r\n\t\r\n\t\/\/ Vordefinierte Varianten von Texten\r\n\tconst textVarianten = {\r\n\t\t1: {\r\n\t\t\theroSubtitle: \"Mehr Ruhe, weniger Stress\",\r\n\t\t\theroTitle: \"Deine App f\u00fcr ein stressfreieres Leben\",\r\n\t\t\theroText: 'Trainiere jetzt im Instahelp Mental Health Gym <br class=\"hide-on-mobile\" \/> und reduziere deinen Stress.',\r\n\t\t\tsectionTitle: \"Mental Health Gym PLUS\",\r\n\t\t\tsectionText: \"Starte jetzt dein Training zu mehr Gelassenheit\",\r\n\t\t\ttrainingText: \"Durch wissenschaftlich fundierte \u00dcbungen und Tools, entwickelt von Klinischen und Gesundheitspsycholog:innen, reduzierst du Stress und f\u00f6rderst dein Wohlbefinden.\",\r\n\t\t\tregisterLink: \"https:\/\/web.instahelp.me\/mhgplus\",\r\n\t\t\tpsyLink: \"https:\/\/instahelp.me\/de\/online-psychologen\/\"\r\n\t\t},\r\n\t\t2: {\r\n\t\t\theroSubtitle: \"Werde mental stark\",\r\n\t\t\theroTitle: \"Deine Begleitung f\u00fcr mentale Gesundheit\",\r\n\t\t\theroText: 'Entdecke das Mental Health Gym in der Instahelp App <br class=\"hide-on-mobile\" \/> und f\u00f6rdere dein mentales Wohlbefinden.',\r\n\t\t\tsectionTitle: \"Mental Health Gym PLUS\",\r\n\t\t\tsectionText: \"Jetzt dein individuelles Training starten und mental stark werden\",\r\n\t\t\ttrainingText: \"Mit bew\u00e4hrten \u00dcbungen und Methoden, die von Klinischen und Gesundheitspsycholog:innen entwickelt wurden, erreichst du deine Ziele und f\u00f6rderst dein mentales Wohlbefinden.\",\r\n\t\t\tregisterLink: \"https:\/\/web.instahelp.me\/mhgplus?v=2\",\r\n\t\t\tpsyLink: \"https:\/\/instahelp.me\/de\/online-psychologen\/?v=2\"\r\n\t\t},\r\n\t\t3: {\r\n\t\t\theroSubtitle: \"Finde dein L\u00e4cheln wieder\",\r\n\t\t\theroTitle: \"Die App f\u00fcr ein gl\u00fccklicheres Leben\",\r\n\t\t\theroText: 'Entdecke das Mental Health Gym in der Instahelp App <br class=\"hide-on-mobile\" \/> und schaffe neue Lichtblicke.',\r\n\t\t\tsectionTitle: \"Mental Health Gym PLUS\",\r\n\t\t\tsectionText: \"Starte jetzt deine Reise und finde dein L\u00e4cheln wieder\",\r\n\t\t\ttrainingText: \"Durch fundierte Techniken und Werkzeuge, erstellt von Expert:innen aus der Klinischen und Gesundheitspsychologie, schaffst du neue Gl\u00fccksmomente und f\u00f6rderst dein mentales Wohlbefinden.\",\r\n\t\t\tregisterLink: \"https:\/\/web.instahelp.me\/mhgplus?v=3\",\r\n\t\t\tpsyLink: \"https:\/\/instahelp.me\/de\/online-psychologen\/?v=3\"\r\n\t\t}\r\n\t};\r\n\t\r\n\t\/\/ Dynamisch Inhalte basierend auf der Variante \u00e4ndern\r\n\tdocument.addEventListener(\"DOMContentLoaded\", function() {\r\n\t\tconst variante = getQueryParameter(\"variante\") || \"1\";  \/\/ Standardvariante ist 1\r\n\t\r\n\t\t\/\/ Sicherstellen, dass die Variante existiert\r\n\t\tconst texte = textVarianten[variante] || textVarianten[1];\r\n\t\r\n\t\t\/\/ Hero Section\r\n\t\tdocument.getElementById(\"hero-subtitle\").textContent = texte.heroSubtitle;\r\n\t\tdocument.getElementById(\"hero-title\").textContent = texte.heroTitle;\r\n\t\tdocument.getElementById(\"hero-text\").innerHTML = texte.heroText;  \/\/ HTML wegen <br>\r\n\t\r\n\t\t\/\/ Section Title\r\n\t\tdocument.getElementById(\"section-title\").textContent = texte.sectionTitle;\r\n\t\tdocument.getElementById(\"section-text\").textContent = texte.sectionText;\r\n\t\t\r\n\t\t\/\/Training Text\r\n\t\tdocument.getElementById(\"training-text\").textContent = texte.trainingText;\r\n\t\t\r\n\t\t\/\/Psy Link\r\n\t\tdocument.getElementById(\"psy-link\").href = texte.psyLink;\r\n\t\t\r\n\t\t\/\/ Select all elements with the class 'gym-link'\r\n\t\tconst registerLinks = document.querySelectorAll('.register-link');\r\n\t\t\r\n\t\t\/\/ Loop through each link and change the 'href' attribute\r\n\t\tregisterLinks.forEach((link, index) => {\r\n\t\t\tlink.href = texte.registerLink;\r\n\t\t});\r\n\t});\r\n\t\r\n\twindow.onload = function () {\r\n\t\r\n\t};\r\n\t\r\n<\/script>","protected":false},"excerpt":{"rendered":"Mehr Ruhe, weniger Stress Deine App f\u00fcr ein stressfreies Leben Trainiere jetzt im Instahelp Mental Health Gym und reduziere deinen Stress nachhaltig. Kostenlos registrieren Mehr erfahren Mental Health Gym PLUS Starte jetzt dein Training zu mehr Gelassenheit Starte jetzt dein Training im Mental Health Gym Plus Schalte das Mental Health Gym Plus in der Instahelp","protected":false},"author":1,"featured_media":0,"parent":0,"menu_order":0,"comment_status":"closed","ping_status":"closed","template":"","meta":{"footnotes":""},"class_list":["post-33167","page","type-page","status-publish","hentry"],"acf":[],"yoast_head":"<!-- This site is optimized with the Yoast SEO plugin v27.0 - https:\/\/yoast.com\/product\/yoast-seo-wordpress\/ -->\n<title>Mental Health Gym von Instahelp<\/title>\n<meta name=\"description\" content=\"Trainiere deine mentale Gesundheit mit \u00fcber 175+ psychologischen Inhalten im Mental Health Gym von Instahelp.\" \/>\n<meta name=\"robots\" content=\"index, follow, max-snippet:-1, max-image-preview:large, max-video-preview:-1\" \/>\n<link rel=\"canonical\" href=\"https:\/\/instahelp.me\/de\/wp-json\/wp\/v2\/pages\/33167\/\" \/>\n<meta property=\"og:locale\" content=\"de_DE\" \/>\n<meta property=\"og:type\" content=\"article\" \/>\n<meta property=\"og:title\" content=\"Mental Health Gym von Instahelp\" \/>\n<meta property=\"og:description\" content=\"Trainiere deine mentale Gesundheit mit \u00fcber 175+ psychologischen Inhalten im Mental Health Gym von Instahelp.\" \/>\n<meta property=\"og:url\" content=\"https:\/\/instahelp.me\/de\/wp-json\/wp\/v2\/pages\/33167\/\" \/>\n<meta property=\"og:site_name\" content=\"Instahelp - Online-Therapie &amp; Beratung\" \/>\n<meta property=\"article:publisher\" content=\"https:\/\/www.facebook.com\/instahelp.me\/\" \/>\n<meta property=\"article:modified_time\" content=\"2026-01-09T12:18:28+00:00\" \/>\n<meta property=\"og:image\" content=\"https:\/\/instahelp.me\/wp-content\/uploads\/2022\/08\/instahelp-app-mockup.png\" \/>\n<meta name=\"twitter:card\" content=\"summary_large_image\" \/>\n<meta name=\"twitter:site\" content=\"@instahelp_me\" \/>\n<meta name=\"twitter:label1\" content=\"Gesch\u00e4tzte Lesezeit\" \/>\n\t<meta name=\"twitter:data1\" content=\"4\u00a0Minuten\" \/>\n<script type=\"application\/ld+json\" class=\"yoast-schema-graph\">{\"@context\":\"https:\/\/schema.org\",\"@graph\":[{\"@type\":\"WebPage\",\"@id\":\"https:\/\/instahelp.me\/de\/mhgplus\/\",\"url\":\"https:\/\/instahelp.me\/de\/mhgplus\/\",\"name\":\"Mental Health Gym von Instahelp\",\"isPartOf\":{\"@id\":\"https:\/\/instahelp.me\/de\/#website\"},\"primaryImageOfPage\":{\"@id\":\"https:\/\/instahelp.me\/de\/mhgplus\/#primaryimage\"},\"image\":{\"@id\":\"https:\/\/instahelp.me\/de\/mhgplus\/#primaryimage\"},\"thumbnailUrl\":\"https:\/\/instahelp.me\/wp-content\/uploads\/2022\/08\/instahelp-app-mockup.png\",\"dateModified\":\"2026-01-09T12:18:28+00:00\",\"description\":\"Trainiere deine mentale Gesundheit mit \u00fcber 175+ psychologischen Inhalten im Mental Health Gym von Instahelp.\",\"breadcrumb\":{\"@id\":\"https:\/\/instahelp.me\/de\/mhgplus\/#breadcrumb\"},\"inLanguage\":\"de\",\"potentialAction\":[{\"@type\":\"ReadAction\",\"target\":[\"https:\/\/instahelp.me\/de\/mhgplus\/\"]}]},{\"@type\":\"ImageObject\",\"inLanguage\":\"de\",\"@id\":\"https:\/\/instahelp.me\/de\/mhgplus\/#primaryimage\",\"url\":\"https:\/\/instahelp.me\/wp-content\/uploads\/2022\/08\/instahelp-app-mockup.png\",\"contentUrl\":\"https:\/\/instahelp.me\/wp-content\/uploads\/2022\/08\/instahelp-app-mockup.png\"},{\"@type\":\"BreadcrumbList\",\"@id\":\"https:\/\/instahelp.me\/de\/mhgplus\/#breadcrumb\",\"itemListElement\":[{\"@type\":\"ListItem\",\"position\":1,\"name\":\"Instahelp\",\"item\":\"https:\/\/instahelp.me\/de\/\"},{\"@type\":\"ListItem\",\"position\":2,\"name\":\"Mental Health Gym Plus\"}]},{\"@type\":\"WebSite\",\"@id\":\"https:\/\/instahelp.me\/de\/#website\",\"url\":\"https:\/\/instahelp.me\/de\/\",\"name\":\"Instahelp - Online-Therapie &amp; Beratung\",\"description\":\"Psychologische Online Therapie &amp; Beratung - ohne Wartezeit per Video- &amp; Audio-Chat\",\"publisher\":{\"@id\":\"https:\/\/instahelp.me\/de\/#organization\"},\"potentialAction\":[{\"@type\":\"SearchAction\",\"target\":{\"@type\":\"EntryPoint\",\"urlTemplate\":\"https:\/\/instahelp.me\/de\/?s={search_term_string}\"},\"query-input\":{\"@type\":\"PropertyValueSpecification\",\"valueRequired\":true,\"valueName\":\"search_term_string\"}}],\"inLanguage\":\"de\"},{\"@type\":\"Organization\",\"@id\":\"https:\/\/instahelp.me\/de\/#organization\",\"name\":\"Instahelp\",\"url\":\"https:\/\/instahelp.me\/de\/\",\"logo\":{\"@type\":\"ImageObject\",\"inLanguage\":\"de\",\"@id\":\"https:\/\/instahelp.me\/de\/#\/schema\/logo\/image\/\",\"url\":\"https:\/\/instahelp.me\/wp-content\/uploads\/2016\/07\/instahelp-mail-logo.png\",\"contentUrl\":\"https:\/\/instahelp.me\/wp-content\/uploads\/2016\/07\/instahelp-mail-logo.png\",\"width\":142,\"height\":29,\"caption\":\"Instahelp\"},\"image\":{\"@id\":\"https:\/\/instahelp.me\/de\/#\/schema\/logo\/image\/\"},\"sameAs\":[\"https:\/\/www.facebook.com\/instahelp.me\/\",\"https:\/\/x.com\/instahelp_me\",\"https:\/\/www.instagram.com\/instahelp.me\/\"]}]}<\/script>\n<!-- \/ Yoast SEO plugin. -->","yoast_head_json":{"title":"Mental Health Gym von Instahelp","description":"Trainiere deine mentale Gesundheit mit \u00fcber 175+ psychologischen Inhalten im Mental Health Gym von Instahelp.","robots":{"index":"index","follow":"follow","max-snippet":"max-snippet:-1","max-image-preview":"max-image-preview:large","max-video-preview":"max-video-preview:-1"},"canonical":"https:\/\/instahelp.me\/de\/wp-json\/wp\/v2\/pages\/33167\/","og_locale":"de_DE","og_type":"article","og_title":"Mental Health Gym von Instahelp","og_description":"Trainiere deine mentale Gesundheit mit \u00fcber 175+ psychologischen Inhalten im Mental Health Gym von Instahelp.","og_url":"https:\/\/instahelp.me\/de\/wp-json\/wp\/v2\/pages\/33167\/","og_site_name":"Instahelp - Online-Therapie &amp; Beratung","article_publisher":"https:\/\/www.facebook.com\/instahelp.me\/","article_modified_time":"2026-01-09T12:18:28+00:00","og_image":[{"url":"https:\/\/instahelp.me\/wp-content\/uploads\/2022\/08\/instahelp-app-mockup.png","type":"","width":"","height":""}],"twitter_card":"summary_large_image","twitter_site":"@instahelp_me","twitter_misc":{"Gesch\u00e4tzte Lesezeit":"4\u00a0Minuten"},"schema":{"@context":"https:\/\/schema.org","@graph":[{"@type":"WebPage","@id":"https:\/\/instahelp.me\/de\/mhgplus\/","url":"https:\/\/instahelp.me\/de\/mhgplus\/","name":"Mental Health Gym von Instahelp","isPartOf":{"@id":"https:\/\/instahelp.me\/de\/#website"},"primaryImageOfPage":{"@id":"https:\/\/instahelp.me\/de\/mhgplus\/#primaryimage"},"image":{"@id":"https:\/\/instahelp.me\/de\/mhgplus\/#primaryimage"},"thumbnailUrl":"https:\/\/instahelp.me\/wp-content\/uploads\/2022\/08\/instahelp-app-mockup.png","dateModified":"2026-01-09T12:18:28+00:00","description":"Trainiere deine mentale Gesundheit mit \u00fcber 175+ psychologischen Inhalten im Mental Health Gym von Instahelp.","breadcrumb":{"@id":"https:\/\/instahelp.me\/de\/mhgplus\/#breadcrumb"},"inLanguage":"de","potentialAction":[{"@type":"ReadAction","target":["https:\/\/instahelp.me\/de\/mhgplus\/"]}]},{"@type":"ImageObject","inLanguage":"de","@id":"https:\/\/instahelp.me\/de\/mhgplus\/#primaryimage","url":"https:\/\/instahelp.me\/wp-content\/uploads\/2022\/08\/instahelp-app-mockup.png","contentUrl":"https:\/\/instahelp.me\/wp-content\/uploads\/2022\/08\/instahelp-app-mockup.png"},{"@type":"BreadcrumbList","@id":"https:\/\/instahelp.me\/de\/mhgplus\/#breadcrumb","itemListElement":[{"@type":"ListItem","position":1,"name":"Instahelp","item":"https:\/\/instahelp.me\/de\/"},{"@type":"ListItem","position":2,"name":"Mental Health Gym Plus"}]},{"@type":"WebSite","@id":"https:\/\/instahelp.me\/de\/#website","url":"https:\/\/instahelp.me\/de\/","name":"Instahelp - Online-Therapie &amp; Beratung","description":"Psychologische Online Therapie &amp; Beratung - ohne Wartezeit per Video- &amp; Audio-Chat","publisher":{"@id":"https:\/\/instahelp.me\/de\/#organization"},"potentialAction":[{"@type":"SearchAction","target":{"@type":"EntryPoint","urlTemplate":"https:\/\/instahelp.me\/de\/?s={search_term_string}"},"query-input":{"@type":"PropertyValueSpecification","valueRequired":true,"valueName":"search_term_string"}}],"inLanguage":"de"},{"@type":"Organization","@id":"https:\/\/instahelp.me\/de\/#organization","name":"Instahelp","url":"https:\/\/instahelp.me\/de\/","logo":{"@type":"ImageObject","inLanguage":"de","@id":"https:\/\/instahelp.me\/de\/#\/schema\/logo\/image\/","url":"https:\/\/instahelp.me\/wp-content\/uploads\/2016\/07\/instahelp-mail-logo.png","contentUrl":"https:\/\/instahelp.me\/wp-content\/uploads\/2016\/07\/instahelp-mail-logo.png","width":142,"height":29,"caption":"Instahelp"},"image":{"@id":"https:\/\/instahelp.me\/de\/#\/schema\/logo\/image\/"},"sameAs":["https:\/\/www.facebook.com\/instahelp.me\/","https:\/\/x.com\/instahelp_me","https:\/\/www.instagram.com\/instahelp.me\/"]}]}},"_links":{"self":[{"href":"https:\/\/instahelp.me\/de\/wp-json\/wp\/v2\/pages\/33167","targetHints":{"allow":["GET"]}}],"collection":[{"href":"https:\/\/instahelp.me\/de\/wp-json\/wp\/v2\/pages"}],"about":[{"href":"https:\/\/instahelp.me\/de\/wp-json\/wp\/v2\/types\/page"}],"author":[{"embeddable":true,"href":"https:\/\/instahelp.me\/de\/wp-json\/wp\/v2\/users\/1"}],"replies":[{"embeddable":true,"href":"https:\/\/instahelp.me\/de\/wp-json\/wp\/v2\/comments?post=33167"}],"version-history":[{"count":7,"href":"https:\/\/instahelp.me\/de\/wp-json\/wp\/v2\/pages\/33167\/revisions"}],"predecessor-version":[{"id":34506,"href":"https:\/\/instahelp.me\/de\/wp-json\/wp\/v2\/pages\/33167\/revisions\/34506"}],"wp:attachment":[{"href":"https:\/\/instahelp.me\/de\/wp-json\/wp\/v2\/media?parent=33167"}],"curies":[{"name":"wp","href":"https:\/\/api.w.org\/{rel}","templated":true}]}}