{"id":4114,"date":"2017-01-26T14:44:57","date_gmt":"2017-01-26T13:44:57","guid":{"rendered":"https:\/\/instahelp.me\/?page_id=3114\/"},"modified":"2025-01-02T13:41:50","modified_gmt":"2025-01-02T12:41:50","slug":"oberoesterreich","status":"publish","type":"page","link":"https:\/\/instahelp.me\/de\/psychologen\/at\/alle\/oberoesterreich\/","title":{"rendered":"Psycholog:innen und psychologische Psychotherapeut:innen{expertise} in Ober\u00f6sterreich"},"content":{"rendered":"","protected":false},"excerpt":{"rendered":"","protected":false},"author":25,"featured_media":0,"parent":3996,"menu_order":0,"comment_status":"closed","ping_status":"closed","template":"template-psy-land.php","meta":{"footnotes":""},"class_list":["post-4114","page","type-page","status-publish","hentry"],"acf":[],"yoast_head":"<!-- This site is optimized with the Yoast SEO plugin v27.0 - https:\/\/yoast.com\/product\/yoast-seo-wordpress\/ -->\n<title>{count} Psychologen{expertise} aus dem \u00f6sterreichischen Bundesland Ober\u00f6sterreich<\/title>\n<meta name=\"description\" content=\"{count} zugelassene Psychologen sind aus dem \u00f6sterreichischen Bundesland Ober\u00f6sterreich und Umgebung f\u00fcr Sie da \u2713 Experten f\u00fcr jedes Themengebiet \u2713 Direkte Kontaktm\u00f6glichkeit \u2013 jetzt informieren!\" \/>\n<meta name=\"robots\" content=\"index, follow, max-snippet:-1, max-image-preview:large, max-video-preview:-1\" \/>\n<link rel=\"canonical\" href=\"https:\/\/instahelp.me\/de\/wp-json\/wp\/v2\/pages\/4114\/\" \/>\n<meta property=\"og:locale\" content=\"de_DE\" \/>\n<meta property=\"og:type\" content=\"article\" \/>\n<meta property=\"og:title\" content=\"{count} Psychologen{expertise} aus dem \u00f6sterreichischen Bundesland Ober\u00f6sterreich\" \/>\n<meta property=\"og:description\" content=\"{count} zugelassene Psychologen sind aus dem \u00f6sterreichischen Bundesland Ober\u00f6sterreich und Umgebung f\u00fcr Sie da \u2713 Experten f\u00fcr jedes Themengebiet \u2713 Direkte Kontaktm\u00f6glichkeit \u2013 jetzt informieren!\" \/>\n<meta property=\"og:url\" content=\"https:\/\/instahelp.me\/de\/wp-json\/wp\/v2\/pages\/4114\/\" \/>\n<meta property=\"og:site_name\" content=\"Instahelp - Online-Therapie &amp; Beratung\" \/>\n<meta property=\"article:publisher\" content=\"https:\/\/www.facebook.com\/instahelp.me\/\" \/>\n<meta property=\"article:modified_time\" content=\"2025-01-02T12:41:50+00:00\" \/>\n<meta name=\"twitter:card\" content=\"summary_large_image\" \/>\n<meta name=\"twitter:site\" content=\"@instahelp_me\" \/>\n<script type=\"application\/ld+json\" class=\"yoast-schema-graph\">{\"@context\":\"https:\/\/schema.org\",\"@graph\":[{\"@type\":\"WebPage\",\"@id\":\"https:\/\/instahelp.me\/de\/psychologen\/at\/alle\/oberoesterreich\/\",\"url\":\"https:\/\/instahelp.me\/de\/psychologen\/at\/alle\/oberoesterreich\/\",\"name\":\"{count} Psychologen{expertise} aus dem \u00f6sterreichischen Bundesland Ober\u00f6sterreich\",\"isPartOf\":{\"@id\":\"https:\/\/instahelp.me\/de\/#website\"},\"dateModified\":\"2025-01-02T12:41:50+00:00\",\"description\":\"{count} zugelassene Psychologen sind aus dem \u00f6sterreichischen Bundesland Ober\u00f6sterreich und Umgebung f\u00fcr Sie da \u2713 Experten f\u00fcr jedes Themengebiet \u2713 Direkte Kontaktm\u00f6glichkeit \u2013 jetzt informieren!\",\"breadcrumb\":{\"@id\":\"https:\/\/instahelp.me\/de\/psychologen\/at\/alle\/oberoesterreich\/#breadcrumb\"},\"inLanguage\":\"de\",\"potentialAction\":[{\"@type\":\"ReadAction\",\"target\":[\"https:\/\/instahelp.me\/de\/psychologen\/at\/alle\/oberoesterreich\/\"]}]},{\"@type\":\"BreadcrumbList\",\"@id\":\"https:\/\/instahelp.me\/de\/psychologen\/at\/alle\/oberoesterreich\/#breadcrumb\",\"itemListElement\":[{\"@type\":\"ListItem\",\"position\":1,\"name\":\"Instahelp\",\"item\":\"https:\/\/instahelp.me\/de\/\"},{\"@type\":\"ListItem\",\"position\":2,\"name\":\"Psycholog:innen in \u00d6sterreich\",\"item\":\"https:\/\/instahelp.me\/de\/psychologen\/at\/alle\/\"},{\"@type\":\"ListItem\",\"position\":3,\"name\":\"Psycholog:innen und psychologische Psychotherapeut:innen in Ober\u00f6sterreich\"}]},{\"@type\":\"WebSite\",\"@id\":\"https:\/\/instahelp.me\/de\/#website\",\"url\":\"https:\/\/instahelp.me\/de\/\",\"name\":\"Instahelp - Online-Therapie &amp; Beratung\",\"description\":\"Psychologische Online Therapie &amp; Beratung - ohne Wartezeit per Video- &amp; Audio-Chat\",\"publisher\":{\"@id\":\"https:\/\/instahelp.me\/de\/#organization\"},\"potentialAction\":[{\"@type\":\"SearchAction\",\"target\":{\"@type\":\"EntryPoint\",\"urlTemplate\":\"https:\/\/instahelp.me\/de\/?s={search_term_string}\"},\"query-input\":{\"@type\":\"PropertyValueSpecification\",\"valueRequired\":true,\"valueName\":\"search_term_string\"}}],\"inLanguage\":\"de\"},{\"@type\":\"Organization\",\"@id\":\"https:\/\/instahelp.me\/de\/#organization\",\"name\":\"Instahelp\",\"url\":\"https:\/\/instahelp.me\/de\/\",\"logo\":{\"@type\":\"ImageObject\",\"inLanguage\":\"de\",\"@id\":\"https:\/\/instahelp.me\/de\/#\/schema\/logo\/image\/\",\"url\":\"https:\/\/instahelp.me\/wp-content\/uploads\/2016\/07\/instahelp-mail-logo.png\",\"contentUrl\":\"https:\/\/instahelp.me\/wp-content\/uploads\/2016\/07\/instahelp-mail-logo.png\",\"width\":142,\"height\":29,\"caption\":\"Instahelp\"},\"image\":{\"@id\":\"https:\/\/instahelp.me\/de\/#\/schema\/logo\/image\/\"},\"sameAs\":[\"https:\/\/www.facebook.com\/instahelp.me\/\",\"https:\/\/x.com\/instahelp_me\",\"https:\/\/www.instagram.com\/instahelp.me\/\"]}]}<\/script>\n<!-- \/ Yoast SEO plugin. -->","yoast_head_json":{"title":"{count} Psychologen{expertise} aus dem \u00f6sterreichischen Bundesland Ober\u00f6sterreich","description":"{count} zugelassene Psychologen sind aus dem \u00f6sterreichischen Bundesland Ober\u00f6sterreich und Umgebung f\u00fcr Sie da \u2713 Experten f\u00fcr jedes Themengebiet \u2713 Direkte Kontaktm\u00f6glichkeit \u2013 jetzt informieren!","robots":{"index":"index","follow":"follow","max-snippet":"max-snippet:-1","max-image-preview":"max-image-preview:large","max-video-preview":"max-video-preview:-1"},"canonical":"https:\/\/instahelp.me\/de\/wp-json\/wp\/v2\/pages\/4114\/","og_locale":"de_DE","og_type":"article","og_title":"{count} Psychologen{expertise} aus dem \u00f6sterreichischen Bundesland Ober\u00f6sterreich","og_description":"{count} zugelassene Psychologen sind aus dem \u00f6sterreichischen Bundesland Ober\u00f6sterreich und Umgebung f\u00fcr Sie da \u2713 Experten f\u00fcr jedes Themengebiet \u2713 Direkte Kontaktm\u00f6glichkeit \u2013 jetzt informieren!","og_url":"https:\/\/instahelp.me\/de\/wp-json\/wp\/v2\/pages\/4114\/","og_site_name":"Instahelp - Online-Therapie &amp; Beratung","article_publisher":"https:\/\/www.facebook.com\/instahelp.me\/","article_modified_time":"2025-01-02T12:41:50+00:00","twitter_card":"summary_large_image","twitter_site":"@instahelp_me","schema":{"@context":"https:\/\/schema.org","@graph":[{"@type":"WebPage","@id":"https:\/\/instahelp.me\/de\/psychologen\/at\/alle\/oberoesterreich\/","url":"https:\/\/instahelp.me\/de\/psychologen\/at\/alle\/oberoesterreich\/","name":"{count} Psychologen{expertise} aus dem \u00f6sterreichischen Bundesland Ober\u00f6sterreich","isPartOf":{"@id":"https:\/\/instahelp.me\/de\/#website"},"dateModified":"2025-01-02T12:41:50+00:00","description":"{count} zugelassene Psychologen sind aus dem \u00f6sterreichischen Bundesland Ober\u00f6sterreich und Umgebung f\u00fcr Sie da \u2713 Experten f\u00fcr jedes Themengebiet \u2713 Direkte Kontaktm\u00f6glichkeit \u2013 jetzt informieren!","breadcrumb":{"@id":"https:\/\/instahelp.me\/de\/psychologen\/at\/alle\/oberoesterreich\/#breadcrumb"},"inLanguage":"de","potentialAction":[{"@type":"ReadAction","target":["https:\/\/instahelp.me\/de\/psychologen\/at\/alle\/oberoesterreich\/"]}]},{"@type":"BreadcrumbList","@id":"https:\/\/instahelp.me\/de\/psychologen\/at\/alle\/oberoesterreich\/#breadcrumb","itemListElement":[{"@type":"ListItem","position":1,"name":"Instahelp","item":"https:\/\/instahelp.me\/de\/"},{"@type":"ListItem","position":2,"name":"Psycholog:innen in \u00d6sterreich","item":"https:\/\/instahelp.me\/de\/psychologen\/at\/alle\/"},{"@type":"ListItem","position":3,"name":"Psycholog:innen und psychologische Psychotherapeut:innen in Ober\u00f6sterreich"}]},{"@type":"WebSite","@id":"https:\/\/instahelp.me\/de\/#website","url":"https:\/\/instahelp.me\/de\/","name":"Instahelp - Online-Therapie &amp; Beratung","description":"Psychologische Online Therapie &amp; Beratung - ohne Wartezeit per Video- &amp; Audio-Chat","publisher":{"@id":"https:\/\/instahelp.me\/de\/#organization"},"potentialAction":[{"@type":"SearchAction","target":{"@type":"EntryPoint","urlTemplate":"https:\/\/instahelp.me\/de\/?s={search_term_string}"},"query-input":{"@type":"PropertyValueSpecification","valueRequired":true,"valueName":"search_term_string"}}],"inLanguage":"de"},{"@type":"Organization","@id":"https:\/\/instahelp.me\/de\/#organization","name":"Instahelp","url":"https:\/\/instahelp.me\/de\/","logo":{"@type":"ImageObject","inLanguage":"de","@id":"https:\/\/instahelp.me\/de\/#\/schema\/logo\/image\/","url":"https:\/\/instahelp.me\/wp-content\/uploads\/2016\/07\/instahelp-mail-logo.png","contentUrl":"https:\/\/instahelp.me\/wp-content\/uploads\/2016\/07\/instahelp-mail-logo.png","width":142,"height":29,"caption":"Instahelp"},"image":{"@id":"https:\/\/instahelp.me\/de\/#\/schema\/logo\/image\/"},"sameAs":["https:\/\/www.facebook.com\/instahelp.me\/","https:\/\/x.com\/instahelp_me","https:\/\/www.instagram.com\/instahelp.me\/"]}]}},"_links":{"self":[{"href":"https:\/\/instahelp.me\/de\/wp-json\/wp\/v2\/pages\/4114","targetHints":{"allow":["GET"]}}],"collection":[{"href":"https:\/\/instahelp.me\/de\/wp-json\/wp\/v2\/pages"}],"about":[{"href":"https:\/\/instahelp.me\/de\/wp-json\/wp\/v2\/types\/page"}],"author":[{"embeddable":true,"href":"https:\/\/instahelp.me\/de\/wp-json\/wp\/v2\/users\/25"}],"replies":[{"embeddable":true,"href":"https:\/\/instahelp.me\/de\/wp-json\/wp\/v2\/comments?post=4114"}],"version-history":[{"count":5,"href":"https:\/\/instahelp.me\/de\/wp-json\/wp\/v2\/pages\/4114\/revisions"}],"predecessor-version":[{"id":33605,"href":"https:\/\/instahelp.me\/de\/wp-json\/wp\/v2\/pages\/4114\/revisions\/33605"}],"up":[{"embeddable":true,"href":"https:\/\/instahelp.me\/de\/wp-json\/wp\/v2\/pages\/3996"}],"wp:attachment":[{"href":"https:\/\/instahelp.me\/de\/wp-json\/wp\/v2\/media?parent=4114"}],"curies":[{"name":"wp","href":"https:\/\/api.w.org\/{rel}","templated":true}]}}