{"id":4323,"date":"2017-01-30T14:36:19","date_gmt":"2017-01-30T13:36:19","guid":{"rendered":"https:\/\/instahelp.me\/?page_id=3323\/"},"modified":"2020-05-12T12:15:08","modified_gmt":"2020-05-12T12:15:08","slug":"sankt-poelten-land","status":"publish","type":"page","link":"https:\/\/instahelp.me\/de\/psychologen\/at\/alle\/niederoesterreich\/sankt-poelten-land\/","title":{"rendered":"Psycholog:innen und psychologische Psychotherapeut:innen{expertise} in St. P\u00f6lten (Land)"},"content":{"rendered":"","protected":false},"excerpt":{"rendered":"","protected":false},"author":2,"featured_media":0,"parent":4112,"menu_order":0,"comment_status":"closed","ping_status":"closed","template":"template-psy-land.php","meta":{"footnotes":""},"class_list":["post-4323","page","type-page","status-publish","hentry"],"acf":[],"yoast_head":"<!-- This site is optimized with the Yoast SEO plugin v27.0 - https:\/\/yoast.com\/product\/yoast-seo-wordpress\/ -->\n<title>Alle Psychologen in St. P\u00f6lten-Land<\/title>\n<meta name=\"description\" content=\"{count} Psychologen sind im Bezirk St. P\u00f6lten-Land in Nieder\u00f6sterreich f\u00fcr Sie da. Finden Sie Ihren Psychologen und kontaktieren Sie ihn \u00fcber Instahelp!\" \/>\n<meta name=\"robots\" content=\"index, follow, max-snippet:-1, max-image-preview:large, max-video-preview:-1\" \/>\n<link rel=\"canonical\" href=\"https:\/\/instahelp.me\/de\/wp-json\/wp\/v2\/pages\/4323\/\" \/>\n<meta property=\"og:locale\" content=\"de_DE\" \/>\n<meta property=\"og:type\" content=\"article\" \/>\n<meta property=\"og:title\" content=\"Alle Psychologen in St. P\u00f6lten-Land\" \/>\n<meta property=\"og:description\" content=\"{count} Psychologen sind im Bezirk St. P\u00f6lten-Land in Nieder\u00f6sterreich f\u00fcr Sie da. Finden Sie Ihren Psychologen und kontaktieren Sie ihn \u00fcber Instahelp!\" \/>\n<meta property=\"og:url\" content=\"https:\/\/instahelp.me\/de\/wp-json\/wp\/v2\/pages\/4323\/\" \/>\n<meta property=\"og:site_name\" content=\"Instahelp - Online-Therapie &amp; Beratung\" \/>\n<meta property=\"article:publisher\" content=\"https:\/\/www.facebook.com\/instahelp.me\/\" \/>\n<meta property=\"article:modified_time\" content=\"2020-05-12T12:15:08+00:00\" \/>\n<meta name=\"twitter:card\" content=\"summary_large_image\" \/>\n<meta name=\"twitter:site\" content=\"@instahelp_me\" \/>\n<script type=\"application\/ld+json\" class=\"yoast-schema-graph\">{\"@context\":\"https:\/\/schema.org\",\"@graph\":[{\"@type\":\"WebPage\",\"@id\":\"https:\/\/instahelp.me\/de\/psychologen\/at\/alle\/niederoesterreich\/sankt-poelten-land\/\",\"url\":\"https:\/\/instahelp.me\/de\/psychologen\/at\/alle\/niederoesterreich\/sankt-poelten-land\/\",\"name\":\"Alle Psychologen in St. P\u00f6lten-Land\",\"isPartOf\":{\"@id\":\"https:\/\/instahelp.me\/de\/#website\"},\"dateModified\":\"2020-05-12T12:15:08+00:00\",\"description\":\"{count} Psychologen sind im Bezirk St. P\u00f6lten-Land in Nieder\u00f6sterreich f\u00fcr Sie da. Finden Sie Ihren Psychologen und kontaktieren Sie ihn \u00fcber Instahelp!\",\"breadcrumb\":{\"@id\":\"https:\/\/instahelp.me\/de\/psychologen\/at\/alle\/niederoesterreich\/sankt-poelten-land\/#breadcrumb\"},\"inLanguage\":\"de\",\"potentialAction\":[{\"@type\":\"ReadAction\",\"target\":[\"https:\/\/instahelp.me\/de\/psychologen\/at\/alle\/niederoesterreich\/sankt-poelten-land\/\"]}]},{\"@type\":\"BreadcrumbList\",\"@id\":\"https:\/\/instahelp.me\/de\/psychologen\/at\/alle\/niederoesterreich\/sankt-poelten-land\/#breadcrumb\",\"itemListElement\":[{\"@type\":\"ListItem\",\"position\":1,\"name\":\"Instahelp\",\"item\":\"https:\/\/instahelp.me\/de\/\"},{\"@type\":\"ListItem\",\"position\":2,\"name\":\"Psycholog:innen in \u00d6sterreich\",\"item\":\"https:\/\/instahelp.me\/de\/psychologen\/at\/alle\/\"},{\"@type\":\"ListItem\",\"position\":3,\"name\":\"Psychologen in Nieder\u00f6sterreich\",\"item\":\"https:\/\/instahelp.me\/de\/psychologen\/at\/alle\/niederoesterreich\/\"},{\"@type\":\"ListItem\",\"position\":4,\"name\":\"Psychologen in St. P\u00f6lten (Land)\"}]},{\"@type\":\"WebSite\",\"@id\":\"https:\/\/instahelp.me\/de\/#website\",\"url\":\"https:\/\/instahelp.me\/de\/\",\"name\":\"Instahelp - Online-Therapie &amp; Beratung\",\"description\":\"Psychologische Online Therapie &amp; Beratung - ohne Wartezeit per Video- &amp; Audio-Chat\",\"publisher\":{\"@id\":\"https:\/\/instahelp.me\/de\/#organization\"},\"potentialAction\":[{\"@type\":\"SearchAction\",\"target\":{\"@type\":\"EntryPoint\",\"urlTemplate\":\"https:\/\/instahelp.me\/de\/?s={search_term_string}\"},\"query-input\":{\"@type\":\"PropertyValueSpecification\",\"valueRequired\":true,\"valueName\":\"search_term_string\"}}],\"inLanguage\":\"de\"},{\"@type\":\"Organization\",\"@id\":\"https:\/\/instahelp.me\/de\/#organization\",\"name\":\"Instahelp\",\"url\":\"https:\/\/instahelp.me\/de\/\",\"logo\":{\"@type\":\"ImageObject\",\"inLanguage\":\"de\",\"@id\":\"https:\/\/instahelp.me\/de\/#\/schema\/logo\/image\/\",\"url\":\"https:\/\/instahelp.me\/wp-content\/uploads\/2016\/07\/instahelp-mail-logo.png\",\"contentUrl\":\"https:\/\/instahelp.me\/wp-content\/uploads\/2016\/07\/instahelp-mail-logo.png\",\"width\":142,\"height\":29,\"caption\":\"Instahelp\"},\"image\":{\"@id\":\"https:\/\/instahelp.me\/de\/#\/schema\/logo\/image\/\"},\"sameAs\":[\"https:\/\/www.facebook.com\/instahelp.me\/\",\"https:\/\/x.com\/instahelp_me\",\"https:\/\/www.instagram.com\/instahelp.me\/\"]}]}<\/script>\n<!-- \/ Yoast SEO plugin. -->","yoast_head_json":{"title":"Alle Psychologen in St. P\u00f6lten-Land","description":"{count} Psychologen sind im Bezirk St. P\u00f6lten-Land in Nieder\u00f6sterreich f\u00fcr Sie da. Finden Sie Ihren Psychologen und kontaktieren Sie ihn \u00fcber Instahelp!","robots":{"index":"index","follow":"follow","max-snippet":"max-snippet:-1","max-image-preview":"max-image-preview:large","max-video-preview":"max-video-preview:-1"},"canonical":"https:\/\/instahelp.me\/de\/wp-json\/wp\/v2\/pages\/4323\/","og_locale":"de_DE","og_type":"article","og_title":"Alle Psychologen in St. P\u00f6lten-Land","og_description":"{count} Psychologen sind im Bezirk St. P\u00f6lten-Land in Nieder\u00f6sterreich f\u00fcr Sie da. Finden Sie Ihren Psychologen und kontaktieren Sie ihn \u00fcber Instahelp!","og_url":"https:\/\/instahelp.me\/de\/wp-json\/wp\/v2\/pages\/4323\/","og_site_name":"Instahelp - Online-Therapie &amp; Beratung","article_publisher":"https:\/\/www.facebook.com\/instahelp.me\/","article_modified_time":"2020-05-12T12:15:08+00:00","twitter_card":"summary_large_image","twitter_site":"@instahelp_me","schema":{"@context":"https:\/\/schema.org","@graph":[{"@type":"WebPage","@id":"https:\/\/instahelp.me\/de\/psychologen\/at\/alle\/niederoesterreich\/sankt-poelten-land\/","url":"https:\/\/instahelp.me\/de\/psychologen\/at\/alle\/niederoesterreich\/sankt-poelten-land\/","name":"Alle Psychologen in St. P\u00f6lten-Land","isPartOf":{"@id":"https:\/\/instahelp.me\/de\/#website"},"dateModified":"2020-05-12T12:15:08+00:00","description":"{count} Psychologen sind im Bezirk St. P\u00f6lten-Land in Nieder\u00f6sterreich f\u00fcr Sie da. Finden Sie Ihren Psychologen und kontaktieren Sie ihn \u00fcber Instahelp!","breadcrumb":{"@id":"https:\/\/instahelp.me\/de\/psychologen\/at\/alle\/niederoesterreich\/sankt-poelten-land\/#breadcrumb"},"inLanguage":"de","potentialAction":[{"@type":"ReadAction","target":["https:\/\/instahelp.me\/de\/psychologen\/at\/alle\/niederoesterreich\/sankt-poelten-land\/"]}]},{"@type":"BreadcrumbList","@id":"https:\/\/instahelp.me\/de\/psychologen\/at\/alle\/niederoesterreich\/sankt-poelten-land\/#breadcrumb","itemListElement":[{"@type":"ListItem","position":1,"name":"Instahelp","item":"https:\/\/instahelp.me\/de\/"},{"@type":"ListItem","position":2,"name":"Psycholog:innen in \u00d6sterreich","item":"https:\/\/instahelp.me\/de\/psychologen\/at\/alle\/"},{"@type":"ListItem","position":3,"name":"Psychologen in Nieder\u00f6sterreich","item":"https:\/\/instahelp.me\/de\/psychologen\/at\/alle\/niederoesterreich\/"},{"@type":"ListItem","position":4,"name":"Psychologen in St. P\u00f6lten (Land)"}]},{"@type":"WebSite","@id":"https:\/\/instahelp.me\/de\/#website","url":"https:\/\/instahelp.me\/de\/","name":"Instahelp - Online-Therapie &amp; Beratung","description":"Psychologische Online Therapie &amp; Beratung - ohne Wartezeit per Video- &amp; Audio-Chat","publisher":{"@id":"https:\/\/instahelp.me\/de\/#organization"},"potentialAction":[{"@type":"SearchAction","target":{"@type":"EntryPoint","urlTemplate":"https:\/\/instahelp.me\/de\/?s={search_term_string}"},"query-input":{"@type":"PropertyValueSpecification","valueRequired":true,"valueName":"search_term_string"}}],"inLanguage":"de"},{"@type":"Organization","@id":"https:\/\/instahelp.me\/de\/#organization","name":"Instahelp","url":"https:\/\/instahelp.me\/de\/","logo":{"@type":"ImageObject","inLanguage":"de","@id":"https:\/\/instahelp.me\/de\/#\/schema\/logo\/image\/","url":"https:\/\/instahelp.me\/wp-content\/uploads\/2016\/07\/instahelp-mail-logo.png","contentUrl":"https:\/\/instahelp.me\/wp-content\/uploads\/2016\/07\/instahelp-mail-logo.png","width":142,"height":29,"caption":"Instahelp"},"image":{"@id":"https:\/\/instahelp.me\/de\/#\/schema\/logo\/image\/"},"sameAs":["https:\/\/www.facebook.com\/instahelp.me\/","https:\/\/x.com\/instahelp_me","https:\/\/www.instagram.com\/instahelp.me\/"]}]}},"_links":{"self":[{"href":"https:\/\/instahelp.me\/de\/wp-json\/wp\/v2\/pages\/4323","targetHints":{"allow":["GET"]}}],"collection":[{"href":"https:\/\/instahelp.me\/de\/wp-json\/wp\/v2\/pages"}],"about":[{"href":"https:\/\/instahelp.me\/de\/wp-json\/wp\/v2\/types\/page"}],"author":[{"embeddable":true,"href":"https:\/\/instahelp.me\/de\/wp-json\/wp\/v2\/users\/2"}],"replies":[{"embeddable":true,"href":"https:\/\/instahelp.me\/de\/wp-json\/wp\/v2\/comments?post=4323"}],"version-history":[{"count":4,"href":"https:\/\/instahelp.me\/de\/wp-json\/wp\/v2\/pages\/4323\/revisions"}],"predecessor-version":[{"id":5519,"href":"https:\/\/instahelp.me\/de\/wp-json\/wp\/v2\/pages\/4323\/revisions\/5519"}],"up":[{"embeddable":true,"href":"https:\/\/instahelp.me\/de\/wp-json\/wp\/v2\/pages\/4112"}],"wp:attachment":[{"href":"https:\/\/instahelp.me\/de\/wp-json\/wp\/v2\/media?parent=4323"}],"curies":[{"name":"wp","href":"https:\/\/api.w.org\/{rel}","templated":true}]}}