{"id":35620,"date":"2017-01-17T15:37:16","date_gmt":"2017-01-17T14:37:16","guid":{"rendered":"https:\/\/instahelp.me\/online-psychologen\/"},"modified":"2026-02-16T14:40:16","modified_gmt":"2026-02-16T13:40:16","slug":"psicologo-online","status":"publish","type":"page","link":"https:\/\/instahelp.me\/es\/psicologo-online\/","title":{"rendered":"Directorio de psic\u00f3logos online"},"content":{"rendered":"En Instahelp encontrar\u00e1s psic\u00f3logos online y psicoterapeutas online que te ofrecer\u00e1n consulta y ayuda psicol\u00f3gica. La <a href=\"\/es\/\">consulta o terapia online<\/a> tambi\u00e9n es ideal si est\u00e1s esperando una plaza de tratamiento presencial.","protected":false},"excerpt":{"rendered":"En Instahelp encontrar\u00e1s psic\u00f3logos online y psicoterapeutas online que te ofrecer\u00e1n consulta y ayuda psicol\u00f3gica. La consulta o terapia online tambi\u00e9n es ideal si est\u00e1s esperando una plaza de tratamiento presencial.","protected":false},"author":1,"featured_media":0,"parent":0,"menu_order":0,"comment_status":"closed","ping_status":"closed","template":"template-psy-online-verzeichnis.php","meta":{"footnotes":""},"class_list":["post-35620","page","type-page","status-publish","hentry"],"acf":[],"yoast_head":"<!-- This site is optimized with the Yoast SEO plugin v27.0 - https:\/\/yoast.com\/product\/yoast-seo-wordpress\/ -->\n<title>Psic\u00f3logo y psicoterapeuta online sin tiempos de espera{expertise}<\/title>\n<meta name=\"description\" content=\"Ayuda psicol\u00f3gica \u2713 Sin esperas \u2713 Seguro \u2713 An\u00f3nimo \u2713 Chat online \u2713 85.000 clientes \u27a4 Empezar ahora\" \/>\n<meta name=\"robots\" content=\"index, follow, max-snippet:-1, max-image-preview:large, max-video-preview:-1\" \/>\n<link rel=\"canonical\" href=\"https:\/\/instahelp.me\/es\/wp-json\/wp\/v2\/pages\/35620\/\" \/>\n<meta property=\"og:locale\" content=\"es_ES\" \/>\n<meta property=\"og:type\" content=\"article\" \/>\n<meta property=\"og:title\" content=\"Psic\u00f3logo y psicoterapeuta online sin tiempos de espera{expertise}\" \/>\n<meta property=\"og:description\" content=\"Ayuda psicol\u00f3gica \u2713 Sin esperas \u2713 Seguro \u2713 An\u00f3nimo \u2713 Chat online \u2713 85.000 clientes \u27a4 Empezar ahora\" \/>\n<meta property=\"og:url\" content=\"https:\/\/instahelp.me\/es\/wp-json\/wp\/v2\/pages\/35620\/\" \/>\n<meta property=\"og:site_name\" content=\"Instahelp - Terapia y consulta psicol\u00f3gica online\" \/>\n<meta property=\"article:publisher\" content=\"https:\/\/www.facebook.com\/instahelp.me\/\" \/>\n<meta property=\"article:modified_time\" content=\"2026-02-16T13:40:16+00:00\" \/>\n<meta name=\"twitter:card\" content=\"summary_large_image\" \/>\n<meta name=\"twitter:site\" content=\"@instahelp_me\" \/>\n<meta name=\"twitter:label1\" content=\"Tiempo de lectura\" \/>\n\t<meta name=\"twitter:data1\" content=\"1 minuto\" \/>\n<script type=\"application\/ld+json\" class=\"yoast-schema-graph\">{\"@context\":\"https:\/\/schema.org\",\"@graph\":[{\"@type\":\"WebPage\",\"@id\":\"https:\/\/instahelp.me\/es\/psicologo-online\/\",\"url\":\"https:\/\/instahelp.me\/es\/psicologo-online\/\",\"name\":\"Psic\u00f3logo y psicoterapeuta online sin tiempos de espera{expertise}\",\"isPartOf\":{\"@id\":\"https:\/\/instahelp.me\/es\/#website\"},\"dateModified\":\"2026-02-16T13:40:16+00:00\",\"description\":\"Ayuda psicol\u00f3gica \u2713 Sin esperas \u2713 Seguro \u2713 An\u00f3nimo \u2713 Chat online \u2713 85.000 clientes \u27a4 Empezar ahora\",\"breadcrumb\":{\"@id\":\"https:\/\/instahelp.me\/es\/psicologo-online\/#breadcrumb\"},\"inLanguage\":\"es\",\"potentialAction\":[{\"@type\":\"ReadAction\",\"target\":[\"https:\/\/instahelp.me\/es\/psicologo-online\/\"]}]},{\"@type\":\"BreadcrumbList\",\"@id\":\"https:\/\/instahelp.me\/es\/psicologo-online\/#breadcrumb\",\"itemListElement\":[{\"@type\":\"ListItem\",\"position\":1,\"name\":\"Instahelp\",\"item\":\"https:\/\/instahelp.me\/es\/\"},{\"@type\":\"ListItem\",\"position\":2,\"name\":\"Directorio de psic\u00f3logos online\"}]},{\"@type\":\"WebSite\",\"@id\":\"https:\/\/instahelp.me\/es\/#website\",\"url\":\"https:\/\/instahelp.me\/es\/\",\"name\":\"Instahelp - Terapia y consulta psicol\u00f3gica online\",\"description\":\"Terapia y consulta psicol\u00f3gica online: sin tiempos de espera, a trav\u00e9s de chat de v\u00eddeo y audio.\",\"publisher\":{\"@id\":\"https:\/\/instahelp.me\/es\/#organization\"},\"potentialAction\":[{\"@type\":\"SearchAction\",\"target\":{\"@type\":\"EntryPoint\",\"urlTemplate\":\"https:\/\/instahelp.me\/es\/?s={search_term_string}\"},\"query-input\":{\"@type\":\"PropertyValueSpecification\",\"valueRequired\":true,\"valueName\":\"search_term_string\"}}],\"inLanguage\":\"es\"},{\"@type\":\"Organization\",\"@id\":\"https:\/\/instahelp.me\/es\/#organization\",\"name\":\"Instahelp\",\"url\":\"https:\/\/instahelp.me\/es\/\",\"logo\":{\"@type\":\"ImageObject\",\"inLanguage\":\"es\",\"@id\":\"https:\/\/instahelp.me\/es\/#\/schema\/logo\/image\/\",\"url\":\"https:\/\/instahelp.me\/wp-content\/uploads\/2016\/07\/instahelp-mail-logo.png\",\"contentUrl\":\"https:\/\/instahelp.me\/wp-content\/uploads\/2016\/07\/instahelp-mail-logo.png\",\"width\":142,\"height\":29,\"caption\":\"Instahelp\"},\"image\":{\"@id\":\"https:\/\/instahelp.me\/es\/#\/schema\/logo\/image\/\"},\"sameAs\":[\"https:\/\/www.facebook.com\/instahelp.me\/\",\"https:\/\/x.com\/instahelp_me\",\"https:\/\/www.instagram.com\/instahelp.me\/\"]}]}<\/script>\n<!-- \/ Yoast SEO plugin. -->","yoast_head_json":{"title":"Psic\u00f3logo y psicoterapeuta online sin tiempos de espera{expertise}","description":"Ayuda psicol\u00f3gica \u2713 Sin esperas \u2713 Seguro \u2713 An\u00f3nimo \u2713 Chat online \u2713 85.000 clientes \u27a4 Empezar ahora","robots":{"index":"index","follow":"follow","max-snippet":"max-snippet:-1","max-image-preview":"max-image-preview:large","max-video-preview":"max-video-preview:-1"},"canonical":"https:\/\/instahelp.me\/es\/wp-json\/wp\/v2\/pages\/35620\/","og_locale":"es_ES","og_type":"article","og_title":"Psic\u00f3logo y psicoterapeuta online sin tiempos de espera{expertise}","og_description":"Ayuda psicol\u00f3gica \u2713 Sin esperas \u2713 Seguro \u2713 An\u00f3nimo \u2713 Chat online \u2713 85.000 clientes \u27a4 Empezar ahora","og_url":"https:\/\/instahelp.me\/es\/wp-json\/wp\/v2\/pages\/35620\/","og_site_name":"Instahelp - Terapia y consulta psicol\u00f3gica online","article_publisher":"https:\/\/www.facebook.com\/instahelp.me\/","article_modified_time":"2026-02-16T13:40:16+00:00","twitter_card":"summary_large_image","twitter_site":"@instahelp_me","twitter_misc":{"Tiempo de lectura":"1 minuto"},"schema":{"@context":"https:\/\/schema.org","@graph":[{"@type":"WebPage","@id":"https:\/\/instahelp.me\/es\/psicologo-online\/","url":"https:\/\/instahelp.me\/es\/psicologo-online\/","name":"Psic\u00f3logo y psicoterapeuta online sin tiempos de espera{expertise}","isPartOf":{"@id":"https:\/\/instahelp.me\/es\/#website"},"dateModified":"2026-02-16T13:40:16+00:00","description":"Ayuda psicol\u00f3gica \u2713 Sin esperas \u2713 Seguro \u2713 An\u00f3nimo \u2713 Chat online \u2713 85.000 clientes \u27a4 Empezar ahora","breadcrumb":{"@id":"https:\/\/instahelp.me\/es\/psicologo-online\/#breadcrumb"},"inLanguage":"es","potentialAction":[{"@type":"ReadAction","target":["https:\/\/instahelp.me\/es\/psicologo-online\/"]}]},{"@type":"BreadcrumbList","@id":"https:\/\/instahelp.me\/es\/psicologo-online\/#breadcrumb","itemListElement":[{"@type":"ListItem","position":1,"name":"Instahelp","item":"https:\/\/instahelp.me\/es\/"},{"@type":"ListItem","position":2,"name":"Directorio de psic\u00f3logos online"}]},{"@type":"WebSite","@id":"https:\/\/instahelp.me\/es\/#website","url":"https:\/\/instahelp.me\/es\/","name":"Instahelp - Terapia y consulta psicol\u00f3gica online","description":"Terapia y consulta psicol\u00f3gica online: sin tiempos de espera, a trav\u00e9s de chat de v\u00eddeo y audio.","publisher":{"@id":"https:\/\/instahelp.me\/es\/#organization"},"potentialAction":[{"@type":"SearchAction","target":{"@type":"EntryPoint","urlTemplate":"https:\/\/instahelp.me\/es\/?s={search_term_string}"},"query-input":{"@type":"PropertyValueSpecification","valueRequired":true,"valueName":"search_term_string"}}],"inLanguage":"es"},{"@type":"Organization","@id":"https:\/\/instahelp.me\/es\/#organization","name":"Instahelp","url":"https:\/\/instahelp.me\/es\/","logo":{"@type":"ImageObject","inLanguage":"es","@id":"https:\/\/instahelp.me\/es\/#\/schema\/logo\/image\/","url":"https:\/\/instahelp.me\/wp-content\/uploads\/2016\/07\/instahelp-mail-logo.png","contentUrl":"https:\/\/instahelp.me\/wp-content\/uploads\/2016\/07\/instahelp-mail-logo.png","width":142,"height":29,"caption":"Instahelp"},"image":{"@id":"https:\/\/instahelp.me\/es\/#\/schema\/logo\/image\/"},"sameAs":["https:\/\/www.facebook.com\/instahelp.me\/","https:\/\/x.com\/instahelp_me","https:\/\/www.instagram.com\/instahelp.me\/"]}]}},"_links":{"self":[{"href":"https:\/\/instahelp.me\/es\/wp-json\/wp\/v2\/pages\/35620","targetHints":{"allow":["GET"]}}],"collection":[{"href":"https:\/\/instahelp.me\/es\/wp-json\/wp\/v2\/pages"}],"about":[{"href":"https:\/\/instahelp.me\/es\/wp-json\/wp\/v2\/types\/page"}],"author":[{"embeddable":true,"href":"https:\/\/instahelp.me\/es\/wp-json\/wp\/v2\/users\/1"}],"replies":[{"embeddable":true,"href":"https:\/\/instahelp.me\/es\/wp-json\/wp\/v2\/comments?post=35620"}],"version-history":[{"count":7,"href":"https:\/\/instahelp.me\/es\/wp-json\/wp\/v2\/pages\/35620\/revisions"}],"predecessor-version":[{"id":36129,"href":"https:\/\/instahelp.me\/es\/wp-json\/wp\/v2\/pages\/35620\/revisions\/36129"}],"wp:attachment":[{"href":"https:\/\/instahelp.me\/es\/wp-json\/wp\/v2\/media?parent=35620"}],"curies":[{"name":"wp","href":"https:\/\/api.w.org\/{rel}","templated":true}]}}