{"id":7177,"date":"2015-10-07T09:08:25","date_gmt":"2015-10-07T07:08:25","guid":{"rendered":"https:\/\/staging.instahelp.me\/prices\/"},"modified":"2026-02-19T13:26:40","modified_gmt":"2026-02-19T12:26:40","slug":"tarifs","status":"publish","type":"page","link":"https:\/\/instahelp.me\/fr\/tarifs\/","title":{"rendered":"Tarifs pour la consultation"},"content":{"rendered":"<style>\r\n\t.event-hero {\r\n\t\tposition: relative;\r\n\t\tbackground-image: url(\/wp-content\/uploads\/2024\/12\/bg_hero_how_it_works@2x.png);\r\n\t\tbackground-repeat: no-repeat;\r\n\t\tbackground-size: cover;\r\n\t\tmargin: auto;\r\n\t}\r\n\t.green-underline {\r\n\t\tbackground-image: -webkit-gradient(linear, left top, left bottom, color-stop(50%, transparent), color-stop(50%, #DFEFE2));\r\n\t\tbackground-image: linear-gradient(to bottom, transparent 50%, #DFEFE2 50%);\r\n\t\tbackground-repeat: repeat-x;\r\n\t\tbackground-size: 20px 1em;\r\n\t\tbackground-position: 0 80%;\r\n\t}\r\n\t.white-underline {\r\n\t\tbackground-image: -webkit-gradient(linear, left top, left bottom, color-stop(50%, transparent), color-stop(50%, #FFFFFF));\r\n\t\tbackground-image: linear-gradient(to bottom, transparent 50%, #FFFFFF 50%);\r\n\t\tbackground-repeat: repeat-x;\r\n\t\tbackground-size: 20px 1em;\r\n\t\tbackground-position: 0 80%;\r\n\t}\r\n\t\r\n\t.howto-notes {\r\n\t\tborder-radius: 12px;\r\n\t\tborder: 2px solid #7EBC89;\r\n\t\tbackground: #F1F8F2;\r\n\t\tpadding: 20px;\r\n\t\tfont-size: 18px;\r\n\t\tline-height: 1.5em;\r\n\t}\r\n\t.howto-logos {\r\n\t\tdisplay: flex;\r\n\t\tflex-direction: row;\r\n\t\tflex-wrap: nowrap;\r\n\t\talign-items: center;\r\n\t\tgap: 20px;\r\n\t\tmargin: 20px 0;\r\n\t}\r\n\t.howto-logos a {\r\n\t\tborder: 1px solid rgba(0, 0, 0, 0.15);\r\n\t\tborder-radius: 6px;\r\n\t\tposition: relative;\r\n\t\tpadding: 5px 35px 5px 15px;\r\n\t}\r\n\t.howto-logos a:hover {\r\n\t\tborder-color: #7EBC89;\r\n\t\tbox-shadow: 0 4px 12px rgba(0,0,0,0.1);\r\n\t}\r\n\t.howto-logos a:after {\r\n\t\tdisplay: inline-block;\r\n\t\twidth: 24px;\r\n\t\theight: 24px;\r\n\t\tcontent: \"\";\r\n\t\tbackground: url(\/wp-content\/uploads\/2024\/12\/icon_external.svg) no-repeat center;\r\n\t\tbottom: 5px;\r\n\t\tright: 5px;\r\n\t\tposition: absolute;\r\n\t}\r\n\t.popular-tag {\r\n\t\tbackground: rgb(0 0 0 \/ 5%);\r\n\t\tpadding: 5px 10px;\r\n\t\tborder-radius: 22px;\r\n\t}\r\n\t\r\n\t.pricing {\r\n\t\tmax-width: 670px;\r\n\t\tmargin: auto;\r\n\t\tborder-radius: 12px;\r\n\t\tborder: 1px solid rgba(0, 0, 0, 0.05);\r\n\t\tbackground: #FFF;\r\n\t\tbox-shadow: 0px 4px 12px 0px rgba(0, 0, 0, 0.05);\r\n\t}\r\n\t.pricing-first {\r\n\t\tborder-radius: 12px 12px 0px 0px;\r\n\t\tborder: 1px solid rgba(0, 0, 0, 0.05);\r\n\t\tbackground: rgba(0, 0, 0, 0.03);\r\n\t\tbox-shadow: 0px 4px 12px 0px rgba(0, 0, 0, 0.05);\r\n\t}\r\n\t.pricing-rows {\r\n\t\tdisplay: flex;\r\n\t\tpadding: 25px 20px;\r\n\t\tflex-direction: row;\r\n\t\tflex-wrap: nowrap;\r\n\t\tjustify-content: space-between;\r\n\t\tborder-bottom: 1px solid rgba(0,0,0,0.05);\r\n\t}\r\n\t.applepay {\r\n\t\theight: 25px;\r\n\t\tvertical-align: sub;\r\n\t\tpadding: 0 15px;\r\n\t}\r\n\t.google-pay {\r\n\t\theight: 25px;\r\n\t\tvertical-align: sub;\r\n\t\tpadding: 0 15px;\r\n\t}\r\n\t\r\n\t@media screen and (min-width: 768px) {\t\r\n\t\t.f44 {\r\n\t\t\tfont-size: 44px;\r\n\t\t}\t\r\n\t}\r\n\t\r\n\t\r\n\t@media screen and (max-width: 768px) {\t\r\n\t\t\r\n\t\t.howto-logos {\r\n\t\t\tflex-direction: column;\r\n\t\t\talign-items: flex-start;\r\n\t\t}\r\n\t\t.howto-notes {\r\n\t\t\tfont-size: 16px;\r\n\t\t}\r\n\t}\r\n\t@media screen and (max-width: 480px) {\r\n\t\t.img-wave {\r\n\t\t\theight: 320px;\r\n\t\t}\r\n\t}\r\n\r\n<\/style>\r\n\t\t\r\n\r\n<!-- HERO -->\r\n<div class=\"event-hero\">\r\n\t<div class=\"grid-container\">\r\n\t\t<div class=\"grid-100 text-center\">\r\n\t\t\t<hr class=\"divider bottom-60 m-bottom-20\" \/>\r\n\t\t\t<h1 class=\"bold f44 m-f28 small-line-height bottom-20 top-20 m-bottom-10\">\r\n\t\t\t\tCo\u00fbts de la th\u00e9rapie psychologique <br class=\"hide-on-mobile\" \/>\r\n                                et de la consultation en ligne\r\n\r\n\t\t\t<\/h1>\r\n\t\t\t<p class=\"f24 m-f18 bottom-30 m-bottom-10\">\r\n\t\t\t\tSur Instahelp, vous trouverez un soutien professionnel de la part \t\t\t\t\t\t\t\tde psychologues\r\n\t\t\t\t<br class=\"hide-on-mobile\" \/>\r\n\t\t\t\ten ligne exp\u00e9riment\u00e9s &#8211; adapt\u00e9 \u00e0 vos besoins et \u00e0 un prix abordable.\r\n\t\t\t<\/p>\r\n\t\t\t<a href=\"https:\/\/web.instahelp.me\/ns\/#onboard\" class=\"btn btn-green bold f20 m-f16\" rel=\"noopener\">\r\n\t\t\t\tRecourez \u00e0 la consultation\r\n\t\t\t<\/a>\r\n\t\t\t\r\n\t\t\t<hr class=\"divider bottom-60 m-bottom-20\" \/>\r\n\t\t<\/div>\r\n\t<\/div>\r\n<\/div>\r\n\r\n\r\n<!-- PRICES -->\r\n<div class=\"\" id=\"prices\">\r\n\t<div class=\"grid-container\">\r\n\t\t<div class=\"grid-100\">\r\n\t\t\t<hr class=\"divider bottom-60 m-bottom-20\" \/>\r\n\t\t\t<h2 class=\"bold f38 m-f24 small-line-height bottom-20 top-20 m-bottom-10 text-center\">\r\n\t\t\t\tAper\u00e7u des tarifs\r\n\t\t\t<\/h2>\r\n\t\t\t<p class=\"f20 m-f16 text-center\">\r\n\t\t\t\tChez Instahelp, vous pouvez choisir entre trois tarifs diff\u00e9rents. <br class=\"hide-on-mobile\" \/>\r\n\t\t\t\tVous d\u00e9cidez vous-m\u00eame de la fr\u00e9quence \u00e0 laquelle vous souhaitez utiliser vos unit\u00e9s.\r\n\t\t\t<\/p>\r\n\t\t\t\r\n\t\t\t<hr class=\"divider bottom-60 m-bottom-20\" \/>\r\n\t\t\t\r\n\t\t\t<div class=\"pricing\">\r\n\t\t\t\t<div class=\"pricing-rows pricing-first\">\r\n\t\t\t\t\t<div class=\"pricing-l\">\r\n\t\t\t\t\t\t<strong class=\"f22\">\r\n\t\t\t\t\t\t\tPremier entretien\r\n\t\t\t\t\t\t<\/strong>\r\n\t\t\t\t\t\t<br  \/>\r\n\t\t\t\t\t\t<span class=\"grey\">\r\n\t\t\t\t\t\t\t30 minutes &#8211; Tarif d&rsquo;introduction\r\n\r\n\t\t\t\t\t\t<\/span>\r\n\t\t\t\t\t<\/div>\r\n\t\t\t\t\t<div class=\"pricing-r\">\r\n\t\t\t\t\t\t<span class=\"f22 bold\">\r\n\t\t\t\t\t\t\t\u20ac&nbsp;49\r\n\t\t\t\t\t\t<\/span>\r\n\t\t\t\t\t<\/div>\r\n\t\t\t\t<\/div>\r\n\t\t\t\t<div class=\"pricing-rows\">\r\n\t\t\t\t\t<div class=\"pricing-l\">\r\n\t\t\t\t\t\t<strong class=\"f22\">\r\n\t\t\t\t\t\t\t30 minutes\r\n\t\t\t\t\t\t<\/strong>\r\n\t\t\t\t\t<\/div>\r\n\t\t\t\t\t<div class=\"pricing-r\">\r\n\t\t\t\t\t\t<span class=\"f22 bold\">\r\n\t\t\t\t\t\t\t\u20ac&nbsp;59\r\n\t\t\t\t\t\t<\/span>\r\n\t\t\t\t\t<\/div>\r\n\t\t\t\t<\/div>\r\n\t\t\t\t<div class=\"pricing-rows\">\r\n\t\t\t\t\t<div class=\"pricing-l\">\r\n\t\t\t\t\t\t<strong class=\"f22\">\r\n\t\t\t\t\t\t\t50 minutes\r\n\t\t\t\t\t\t<\/strong>\r\n\t\t\t\t\t\t<span class=\"bold green f18 m-f14 popular-tag\">\r\n\t\t\t\t\t\t\tStandard\r\n\t\t\t\t\t\t<\/span>\r\n\t\t\t\t\t<\/div>\r\n\t\t\t\t\t<div class=\"pricing-r\">\r\n\t\t\t\t\t\t<span class=\"f22 bold\">\r\n\t\t\t\t\t\t\t\u20ac&nbsp;89\r\n\t\t\t\t\t\t<\/span>\r\n\t\t\t\t\t<\/div>\r\n\t\t\t\t<\/div>\r\n\t\t\t\t<div class=\"pricing-rows\">\r\n\t\t\t\t\t<div class=\"pricing-l\">\r\n\t\t\t\t\t\t<strong class=\"f22\">\r\n\t\t\t\t\t\t\t75 minutes\r\n\t\t\t\t\t\t<\/strong>\r\n\t\t\t\t\t\t<br  \/>\r\n\t\t\t\t\t\t<span class=\"grey\">\r\n\t\t\t\t\t\t\tpour les couples (1 acc\u00e8s)\r\n\t\t\t\t\t\t<\/span>\r\n\t\t\t\t\t<\/div>\r\n\t\t\t\t\t<div class=\"pricing-r\">\r\n\t\t\t\t\t\t<span class=\"f22 bold\">\r\n\t\t\t\t\t\t\t\u20ac&nbsp;159\r\n\t\t\t\t\t\t<\/span>\r\n\t\t\t\t\t<\/div>\r\n\t\t\t\t<\/div>\r\n\t\t\t<\/div>\r\n\t\t\t\r\n\t\t\t<hr class=\"divider bottom-60 m-bottom-30\" \/>\r\n\t\t\t\r\n\t\t\t<div class=\"grid-100 text-center\">\r\n\t\t\t\t<a href=\"https:\/\/web.instahelp.me\/ns\/#onboard\" class=\"btn btn-green bold f20 m-f16\" rel=\"noopener\">\r\n\t\t\t\t\tCommencer le premier entretien\r\n\t\t\t\t<\/a>\r\n\t\t\t\t<div class=\"payment-options top-50 bottom-10\">\r\n\t\t\t\t\t<img decoding=\"async\" src=\"\/wp-content\/uploads\/2016\/04\/paypal-logo.svg\" alt=\"Logo PayPal\" class=\"paypal\" \/>\r\n\t\t\t\t\t<img decoding=\"async\" src=\"\/wp-content\/uploads\/2016\/04\/visa-logo.svg\" alt=\"Logo Visa\" class=\"visa\" \/>\r\n\t\t\t\t\t<img decoding=\"async\" src=\"\/wp-content\/uploads\/2024\/10\/Apple_pay.svg\" alt=\"Logo Apple Pay\" class=\"applepay\" \/>\r\n\t\t\t\t\t<img decoding=\"async\" src=\"\/wp-content\/uploads\/2016\/04\/master-card-logo.svg\" alt=\"Logo Master Card\" class=\"master-card\" \/>\r\n\t\t\t\t\t<img decoding=\"async\" src=\"\/wp-content\/uploads\/2025\/06\/Google_Pay_Logo.svg\" alt=\"Logo Google Pay\" class=\"google-pay\" \/>\r\n\t\t\t\t<\/div>\r\n\t\t\t<\/div>\r\n\t\t\t\r\n\t\t<\/div>\r\n\t<\/div>\r\n<\/div>\r\n\r\n<hr class=\"divider bottom-80 m-bottom-40\" \/>\r\n\r\n<!-- BERATUNG SECTION -->\r\n<div class=\"light-green-background\">\r\n\t<div class=\"grid-container\">\r\n\t\t<hr class=\"divider bottom-40 m-bottom-20\" \/>\r\n\t\t<div class=\"grid-25 text-center m-bottom-20\">\r\n\t\t\t<img decoding=\"async\" src=\"\/wp-content\/uploads\/2024\/12\/icon_vertraulich.svg\" alt=\"\" class=\"beratung-icon\" \/>\r\n\t\t\t<h3 class=\"f24 m-f20 bold bottom-10 small-line-height top-20\" >\r\n\t\t\t\t<span class=\"green-underline bold\" >\r\n\t\t\t\t\tConfidentiel et s\u00e9curis\u00e9\r\n\t\t\t\t<\/span>\r\n\t\t\t<\/h3>\r\n\t\t<\/div>\r\n\t\t\r\n\t\t<div class=\"grid-25 text-center m-bottom-20\">\r\n\t\t\t<img decoding=\"async\" src=\"\/wp-content\/uploads\/2024\/12\/icon_kuendbar.svg\" alt=\"\" class=\"beratung-icon\" \/>\r\n\t\t\t<h3 class=\"f24 m-f20 bold bottom-10 small-line-height top-20\" >\r\n\t\t\t\t<span class=\"green-underline bold\" >\r\n\t\t\t\t\tR\u00e9siliable \u00e0 tout moment\r\n\t\t\t\t<\/span>\r\n\t\t\t<\/h3>\r\n\t\t<\/div>\r\n\t\t\r\n\t\t<div class=\"grid-25 text-center m-bottom-20\">\r\n\t\t\t<img decoding=\"async\" src=\"\/wp-content\/uploads\/2024\/12\/icon_mindestlaufzeit.svg\" alt=\"\" class=\"beratung-icon\" \/>\r\n\t\t\t<h3 class=\"f24 m-f20 bold bottom-10 small-line-height top-20\" >\r\n\t\t\t\t<span class=\"green-underline bold\" >\r\n\t\t\t\t\tPas de dur\u00e9e minimale\r\n\t\t\t\t<\/span>\r\n\t\t\t<\/h3>\r\n\t\t<\/div>\r\n\t\t\r\n\t\t<div class=\"grid-25 text-center m-bottom-20\">\r\n\t\t\t<img decoding=\"async\" src=\"\/wp-content\/uploads\/2024\/12\/icon_tarifwechsel.svg\" alt=\"\" class=\"beratung-icon\" \/>\r\n\t\t\t<h3 class=\"f24 m-f20 bold bottom-10 small-line-height top-20\" >\r\n\t\t\t\t<span class=\"green-underline bold\" >\r\n\t\t\t\t\tChangement de tarif possible \u00e0 tout moment\r\n\t\t\t\t<\/span>\r\n\t\t\t<\/h3>\r\n\t\t<\/div>\r\n\t\t\r\n\t\t<hr class=\"divider bottom-20 m-bottom-20\" \/>\r\n\t<\/div>\r\n<\/div>\r\n\r\n<!-- Kostenzuschuss \r\n<section>\r\n\t<div class=\"grid-container\">\r\n\t\t<div class=\"grid-80 prefix-10 suffix-10\">\r\n\t\t\t<div class=\"text-center bottom-40 m-bottom-20\">\r\n\t\t\t\t<img decoding=\"async\" src=\"\/wp-content\/uploads\/2024\/12\/icon_austria.svg\" alt=\"Drapeau autrichien\" class=\"\" \/>\r\n\t\t\t\t<h2 class=\"f38 m-f24 bold ultradark-green bottom-30 m-bottom-20 small-line-height\" >\r\n\t\t\t\t\tSubventions des caisses d'assurance maladie pour la psychoth\u00e9rapie et la th\u00e9rapie psycho-clinique\r\n\t\t\t\t<\/h2>\r\n\t\t\t\t<p class=\"f20 m-f18 bottom-40 m-bottom-20\">\r\n\t\t\t\t\tDepuis le 1er janvier 2025, vous pouvez demander une prise en charge des co\u00fbts aupr\u00e8s de la caisse d'assurance maladie obligatoire en Autriche - \u00e9galement pour la th\u00e9rapie psychologique en ligne sur Instahelp.\r\n\t\t\t\t<\/p>\r\n\t\t\t<\/div>\r\n\t\t<\/div>\r\n\t\t<div class=\"grid-70 prefix-15 suffix-15\">\r\n\t\t\t<div class=\"text-center\">\r\n\t\t\t\t<a href=\"https:\/\/instahelp.me\/fr\/comment-fonctionne\/#cost-subsidy\" class=\"btn btn-green bold f18\" target=\"_blank\" rel=\"noopener\">\r\n\t\t\t\t\tEn savoir plus\r\n\t\t\t\t<\/a>\r\n\t\t\t<\/div>\r\n\t\t<\/div>\r\n\t\t<hr class=\"divider bottom-60 m-bottom-30\" \/>\r\n\t<\/div>\r\n<\/section>-->\r\n\r\n<!-- FAQ -->\r\n<section class=\"light-green-background\">\r\n\t<div class=\"grid-container\">\r\n\t\t<div class=\"grid-80 prefix-10 suffix-10\">\r\n\t\t\t<div class=\"text-center bottom-40 m-bottom-20\">\r\n\t\t\t\t<hr class=\"divider bottom-60 m-bottom-30\" \/>\r\n\t\t\t\t<h2 class=\"f38 m-f24 bold ultradark-green bottom-30 m-bottom-20 small-line-height\" >\r\n\t\t\t\t\tQuestions fr\u00e9quentes &#8211; r\u00e9ponses rapides\r\n\t\t\t\t<\/h2>\r\n\t\t\t\t<p class=\"f20 m-f18 bottom-40 m-bottom-20\">\r\n\t\t\t\t\tVous avez encore des questions ? Vous trouverez ici les r\u00e9ponses. \r\n\t\t\t\t<\/p>\r\n\t\t\t<\/div>\r\n\t\t<\/div>\r\n\t\t<div class=\"grid-70 prefix-15 suffix-15\">\r\n\t\t\t<div class=\"text-center\">\r\n\t\t\t\t<a href=\"https:\/\/instahelp.me\/fr\/support\" class=\"btn btn-green bold f18\" target=\"_blank\" rel=\"noopener\">\r\n\t\t\t\t\t Vers la FAQ \r\n\t\t\t\t<\/a>\r\n\t\t\t<\/div>\r\n\t\t<\/div>\r\n\t\t<hr class=\"divider bottom-60 m-bottom-30\" \/>\r\n\t<\/div>\r\n<\/section>\r\n\r\n<script>\r\n\twindow.onload = function () {\r\n\t\t\r\n\t};\r\n<\/script>\r\n","protected":false},"excerpt":{"rendered":"Co\u00fbts de la th\u00e9rapie psychologique et de la consultation en ligne Sur Instahelp, vous trouverez un soutien professionnel de la part de psychologues en ligne exp\u00e9riment\u00e9s &#8211; adapt\u00e9 \u00e0 vos besoins et \u00e0 un prix abordable. Recourez \u00e0 la consultation Aper\u00e7u des tarifs Chez Instahelp, vous pouvez choisir entre trois tarifs diff\u00e9rents. Vous d\u00e9cidez vous-m\u00eame","protected":false},"author":1,"featured_media":0,"parent":0,"menu_order":0,"comment_status":"closed","ping_status":"closed","template":"","meta":{"footnotes":""},"class_list":["post-7177","page","type-page","status-publish","hentry"],"acf":[],"yoast_head":"<!-- This site is optimized with the Yoast SEO plugin v27.0 - https:\/\/yoast.com\/product\/yoast-seo-wordpress\/ -->\n<title>Consultations abordables en ligne avec des psychologues exp\u00e9riment\u00e9s<\/title>\n<meta name=\"description\" content=\"Jusqu&#039;\u00e0 50 % moins cher : des conseils professionnels prodigu\u00e9s par des psychologues exp\u00e9riment\u00e9s d&#039;Instahelp. Commencez par une premi\u00e8re consultation sans engagement.\" \/>\n<meta name=\"robots\" content=\"index, follow, max-snippet:-1, max-image-preview:large, max-video-preview:-1\" \/>\n<link rel=\"canonical\" href=\"https:\/\/instahelp.me\/fr\/wp-json\/wp\/v2\/pages\/7177\/\" \/>\n<meta property=\"og:locale\" content=\"fr_FR\" \/>\n<meta property=\"og:type\" content=\"article\" \/>\n<meta property=\"og:title\" content=\"Consultations abordables en ligne avec des psychologues exp\u00e9riment\u00e9s\" \/>\n<meta property=\"og:description\" content=\"Jusqu&#039;\u00e0 50 % moins cher : des conseils professionnels prodigu\u00e9s par des psychologues exp\u00e9riment\u00e9s d&#039;Instahelp. Commencez par une premi\u00e8re consultation sans engagement.\" \/>\n<meta property=\"og:url\" content=\"https:\/\/instahelp.me\/fr\/wp-json\/wp\/v2\/pages\/7177\/\" \/>\n<meta property=\"og:site_name\" content=\"Instahelp - Th\u00e9rapie et consultation en ligne\" \/>\n<meta property=\"article:publisher\" content=\"https:\/\/www.facebook.com\/instahelp.me\/\" \/>\n<meta property=\"article:modified_time\" content=\"2026-02-19T12:26:40+00:00\" \/>\n<meta property=\"og:image\" content=\"https:\/\/instahelp.me\/wp-content\/uploads\/2019\/07\/instahelp-preise.jpg\" \/>\n\t<meta property=\"og:image:width\" content=\"341\" \/>\n\t<meta property=\"og:image:height\" content=\"304\" \/>\n\t<meta property=\"og:image:type\" content=\"image\/jpeg\" \/>\n<meta name=\"twitter:card\" content=\"summary_large_image\" \/>\n<meta name=\"twitter:site\" content=\"@instahelp_me\" \/>\n<meta name=\"twitter:label1\" content=\"Dur\u00e9e de lecture estim\u00e9e\" \/>\n\t<meta name=\"twitter:data1\" content=\"3 minutes\" \/>\n<script type=\"application\/ld+json\" class=\"yoast-schema-graph\">{\"@context\":\"https:\/\/schema.org\",\"@graph\":[{\"@type\":\"WebPage\",\"@id\":\"https:\/\/instahelp.me\/fr\/tarifs\/\",\"url\":\"https:\/\/instahelp.me\/fr\/tarifs\/\",\"name\":\"Consultations abordables en ligne avec des psychologues exp\u00e9riment\u00e9s\",\"isPartOf\":{\"@id\":\"https:\/\/instahelp.me\/fr\/#website\"},\"dateModified\":\"2026-02-19T12:26:40+00:00\",\"description\":\"Jusqu'\u00e0 50 % moins cher : des conseils professionnels prodigu\u00e9s par des psychologues exp\u00e9riment\u00e9s d'Instahelp. Commencez par une premi\u00e8re consultation sans engagement.\",\"breadcrumb\":{\"@id\":\"https:\/\/instahelp.me\/fr\/tarifs\/#breadcrumb\"},\"inLanguage\":\"fr-FR\",\"potentialAction\":[{\"@type\":\"ReadAction\",\"target\":[\"https:\/\/instahelp.me\/fr\/tarifs\/\"]}]},{\"@type\":\"BreadcrumbList\",\"@id\":\"https:\/\/instahelp.me\/fr\/tarifs\/#breadcrumb\",\"itemListElement\":[{\"@type\":\"ListItem\",\"position\":1,\"name\":\"Instahelp\",\"item\":\"https:\/\/instahelp.me\/fr\/\"},{\"@type\":\"ListItem\",\"position\":2,\"name\":\"Tarifs pour la consultation\"}]},{\"@type\":\"WebSite\",\"@id\":\"https:\/\/instahelp.me\/fr\/#website\",\"url\":\"https:\/\/instahelp.me\/fr\/\",\"name\":\"Instahelp - Th\u00e9rapie et consultation en ligne\",\"description\":\"Th\u00e9rapie et consultation psychologique en ligne \u2013 sans d\u00e9lai d&#039;attente, par chat vid\u00e9o et audio\",\"publisher\":{\"@id\":\"https:\/\/instahelp.me\/fr\/#organization\"},\"potentialAction\":[{\"@type\":\"SearchAction\",\"target\":{\"@type\":\"EntryPoint\",\"urlTemplate\":\"https:\/\/instahelp.me\/fr\/?s={search_term_string}\"},\"query-input\":{\"@type\":\"PropertyValueSpecification\",\"valueRequired\":true,\"valueName\":\"search_term_string\"}}],\"inLanguage\":\"fr-FR\"},{\"@type\":\"Organization\",\"@id\":\"https:\/\/instahelp.me\/fr\/#organization\",\"name\":\"Instahelp\",\"url\":\"https:\/\/instahelp.me\/fr\/\",\"logo\":{\"@type\":\"ImageObject\",\"inLanguage\":\"fr-FR\",\"@id\":\"https:\/\/instahelp.me\/fr\/#\/schema\/logo\/image\/\",\"url\":\"https:\/\/instahelp.me\/wp-content\/uploads\/2016\/07\/instahelp-mail-logo.png\",\"contentUrl\":\"https:\/\/instahelp.me\/wp-content\/uploads\/2016\/07\/instahelp-mail-logo.png\",\"width\":142,\"height\":29,\"caption\":\"Instahelp\"},\"image\":{\"@id\":\"https:\/\/instahelp.me\/fr\/#\/schema\/logo\/image\/\"},\"sameAs\":[\"https:\/\/www.facebook.com\/instahelp.me\/\",\"https:\/\/x.com\/instahelp_me\",\"https:\/\/www.instagram.com\/instahelp.me\/\"]}]}<\/script>\n<!-- \/ Yoast SEO plugin. -->","yoast_head_json":{"title":"Consultations abordables en ligne avec des psychologues exp\u00e9riment\u00e9s","description":"Jusqu'\u00e0 50 % moins cher : des conseils professionnels prodigu\u00e9s par des psychologues exp\u00e9riment\u00e9s d'Instahelp. Commencez par une premi\u00e8re consultation sans engagement.","robots":{"index":"index","follow":"follow","max-snippet":"max-snippet:-1","max-image-preview":"max-image-preview:large","max-video-preview":"max-video-preview:-1"},"canonical":"https:\/\/instahelp.me\/fr\/wp-json\/wp\/v2\/pages\/7177\/","og_locale":"fr_FR","og_type":"article","og_title":"Consultations abordables en ligne avec des psychologues exp\u00e9riment\u00e9s","og_description":"Jusqu'\u00e0 50 % moins cher : des conseils professionnels prodigu\u00e9s par des psychologues exp\u00e9riment\u00e9s d'Instahelp. Commencez par une premi\u00e8re consultation sans engagement.","og_url":"https:\/\/instahelp.me\/fr\/wp-json\/wp\/v2\/pages\/7177\/","og_site_name":"Instahelp - Th\u00e9rapie et consultation en ligne","article_publisher":"https:\/\/www.facebook.com\/instahelp.me\/","article_modified_time":"2026-02-19T12:26:40+00:00","og_image":[{"width":341,"height":304,"url":"https:\/\/instahelp.me\/wp-content\/uploads\/2019\/07\/instahelp-preise.jpg","type":"image\/jpeg"}],"twitter_card":"summary_large_image","twitter_site":"@instahelp_me","twitter_misc":{"Dur\u00e9e de lecture estim\u00e9e":"3 minutes"},"schema":{"@context":"https:\/\/schema.org","@graph":[{"@type":"WebPage","@id":"https:\/\/instahelp.me\/fr\/tarifs\/","url":"https:\/\/instahelp.me\/fr\/tarifs\/","name":"Consultations abordables en ligne avec des psychologues exp\u00e9riment\u00e9s","isPartOf":{"@id":"https:\/\/instahelp.me\/fr\/#website"},"dateModified":"2026-02-19T12:26:40+00:00","description":"Jusqu'\u00e0 50 % moins cher : des conseils professionnels prodigu\u00e9s par des psychologues exp\u00e9riment\u00e9s d'Instahelp. Commencez par une premi\u00e8re consultation sans engagement.","breadcrumb":{"@id":"https:\/\/instahelp.me\/fr\/tarifs\/#breadcrumb"},"inLanguage":"fr-FR","potentialAction":[{"@type":"ReadAction","target":["https:\/\/instahelp.me\/fr\/tarifs\/"]}]},{"@type":"BreadcrumbList","@id":"https:\/\/instahelp.me\/fr\/tarifs\/#breadcrumb","itemListElement":[{"@type":"ListItem","position":1,"name":"Instahelp","item":"https:\/\/instahelp.me\/fr\/"},{"@type":"ListItem","position":2,"name":"Tarifs pour la consultation"}]},{"@type":"WebSite","@id":"https:\/\/instahelp.me\/fr\/#website","url":"https:\/\/instahelp.me\/fr\/","name":"Instahelp - Th\u00e9rapie et consultation en ligne","description":"Th\u00e9rapie et consultation psychologique en ligne \u2013 sans d\u00e9lai d&#039;attente, par chat vid\u00e9o et audio","publisher":{"@id":"https:\/\/instahelp.me\/fr\/#organization"},"potentialAction":[{"@type":"SearchAction","target":{"@type":"EntryPoint","urlTemplate":"https:\/\/instahelp.me\/fr\/?s={search_term_string}"},"query-input":{"@type":"PropertyValueSpecification","valueRequired":true,"valueName":"search_term_string"}}],"inLanguage":"fr-FR"},{"@type":"Organization","@id":"https:\/\/instahelp.me\/fr\/#organization","name":"Instahelp","url":"https:\/\/instahelp.me\/fr\/","logo":{"@type":"ImageObject","inLanguage":"fr-FR","@id":"https:\/\/instahelp.me\/fr\/#\/schema\/logo\/image\/","url":"https:\/\/instahelp.me\/wp-content\/uploads\/2016\/07\/instahelp-mail-logo.png","contentUrl":"https:\/\/instahelp.me\/wp-content\/uploads\/2016\/07\/instahelp-mail-logo.png","width":142,"height":29,"caption":"Instahelp"},"image":{"@id":"https:\/\/instahelp.me\/fr\/#\/schema\/logo\/image\/"},"sameAs":["https:\/\/www.facebook.com\/instahelp.me\/","https:\/\/x.com\/instahelp_me","https:\/\/www.instagram.com\/instahelp.me\/"]}]}},"_links":{"self":[{"href":"https:\/\/instahelp.me\/fr\/wp-json\/wp\/v2\/pages\/7177","targetHints":{"allow":["GET"]}}],"collection":[{"href":"https:\/\/instahelp.me\/fr\/wp-json\/wp\/v2\/pages"}],"about":[{"href":"https:\/\/instahelp.me\/fr\/wp-json\/wp\/v2\/types\/page"}],"author":[{"embeddable":true,"href":"https:\/\/instahelp.me\/fr\/wp-json\/wp\/v2\/users\/1"}],"replies":[{"embeddable":true,"href":"https:\/\/instahelp.me\/fr\/wp-json\/wp\/v2\/comments?post=7177"}],"version-history":[{"count":50,"href":"https:\/\/instahelp.me\/fr\/wp-json\/wp\/v2\/pages\/7177\/revisions"}],"predecessor-version":[{"id":34151,"href":"https:\/\/instahelp.me\/fr\/wp-json\/wp\/v2\/pages\/7177\/revisions\/34151"}],"wp:attachment":[{"href":"https:\/\/instahelp.me\/fr\/wp-json\/wp\/v2\/media?parent=7177"}],"curies":[{"name":"wp","href":"https:\/\/api.w.org\/{rel}","templated":true}]}}