{"id":7189,"date":"2015-10-14T13:12:50","date_gmt":"2015-10-14T11:12:50","guid":{"rendered":"https:\/\/staging.instahelp.me\/impressum\/"},"modified":"2026-03-19T13:44:01","modified_gmt":"2026-03-19T12:44:01","slug":"mentions-legales","status":"publish","type":"page","link":"https:\/\/instahelp.me\/fr\/mentions-legales\/","title":{"rendered":"Mentions l\u00e9gales"},"content":{"rendered":"<div class=\"grid-container\">\r\n\t<div class=\"grid-100 text-center bottom-50\">\t\r\n\t\t<h1 class=\"green bold f34 text-center top-50 bottom-30\">Mentions l\u00e9gales<\/h1>\r\n     <\/div>\r\n     \r\n     <div class=\"grid-60 suffix-20 prefix-20 f20 grey bottom-70\">\r\n\t     \r\n\t    <span class=\"bold dark-grey f24\">Instahelp<\/span><br>\r\n\t\test une marque d\u2019Insta Communications GmbH,<br>\r\n\t\tune entreprise de <a href=\"http:\/\/www.ut11.net\" target=\"_blank\" rel=\"noopener\">Up to Eleven Digital Solutions GmbH<\/a><br>\r\n\t\t<br>\r\n\t\tKlosterwiesgasse 103b\/Ge02<br>\r\n\t\t8010 Graz, Autriche<br>\r\n\t\t<strong>T\u00e9l\u00e9phone :<\/strong> +43 316 22 84 09<br>\r\n\t\t<strong>Courriel :<\/strong> <a href=\"mailto:contact@instahelp.me\" class=\"orange\">contact@instahelp.me<\/a><br>\r\n\t\t<br>\r\n\t\t<strong>Direction :<\/strong> Dr. Bernadette Frech, Silvia Geier<br>\r\n\t\t<strong>No. au registre du commerce et des soci\u00e9t\u00e9s : <\/strong> 438999m, tribunal de premi\u00e8re instance des affaires civiles de Graz<br>\r\n\t\t<strong>No. au registre autrichien de traitement des donn\u00e9es (DVR) :<\/strong> 4014941<br>\r\n\t\t<br>\r\n\t\t<strong>Objet social :<\/strong> Services dans le domaine du traitement automatique des donn\u00e9es et des technologies de l&rsquo;information (Dienstleistungen in der automatischen Datenverarbeitung und Informationstechnik)<br>\r\n\t\t<br>\r\n\t\t&copy; Insta Communications GmbH\r\n\t     \r\n     <\/div>\r\n      \r\n<\/div>","protected":false},"excerpt":{"rendered":"Mentions l\u00e9gales Instahelp est une marque d\u2019Insta Communications GmbH, une entreprise de Up to Eleven Digital Solutions GmbH Klosterwiesgasse 103b\/Ge02 8010 Graz, Autriche T\u00e9l\u00e9phone : +43 316 22 84 09 Courriel : contact@instahelp.me Direction : Dr. Bernadette Frech, Silvia Geier No. au registre du commerce et des soci\u00e9t\u00e9s : 438999m, tribunal de premi\u00e8re instance des","protected":false},"author":1,"featured_media":0,"parent":0,"menu_order":0,"comment_status":"closed","ping_status":"closed","template":"","meta":{"footnotes":""},"class_list":["post-7189","page","type-page","status-publish","hentry"],"acf":[],"yoast_head":"<!-- This site is optimized with the Yoast SEO plugin v27.0 - https:\/\/yoast.com\/product\/yoast-seo-wordpress\/ -->\n<title>Mentions l\u00e9gales - Instahelp<\/title>\n<meta name=\"description\" content=\"Coordonn\u00e9es et informations sur notre entreprise\" \/>\n<meta name=\"robots\" content=\"index, follow, max-snippet:-1, max-image-preview:large, max-video-preview:-1\" \/>\n<link rel=\"canonical\" href=\"https:\/\/instahelp.me\/fr\/wp-json\/wp\/v2\/pages\/7189\/\" \/>\n<meta property=\"og:locale\" content=\"fr_FR\" \/>\n<meta property=\"og:type\" content=\"article\" \/>\n<meta property=\"og:title\" content=\"Mentions l\u00e9gales - Instahelp\" \/>\n<meta property=\"og:description\" content=\"Coordonn\u00e9es et informations sur notre entreprise\" \/>\n<meta property=\"og:url\" content=\"https:\/\/instahelp.me\/fr\/wp-json\/wp\/v2\/pages\/7189\/\" \/>\n<meta property=\"og:site_name\" content=\"Instahelp - Th\u00e9rapie et consultation en ligne\" \/>\n<meta property=\"article:publisher\" content=\"https:\/\/www.facebook.com\/instahelp.me\/\" \/>\n<meta property=\"article:modified_time\" content=\"2026-03-19T12:44:01+00:00\" \/>\n<meta name=\"twitter:card\" content=\"summary_large_image\" \/>\n<meta name=\"twitter:site\" content=\"@instahelp_me\" \/>\n<meta name=\"twitter:label1\" content=\"Dur\u00e9e de lecture estim\u00e9e\" \/>\n\t<meta name=\"twitter:data1\" content=\"1 minute\" \/>\n<script type=\"application\/ld+json\" class=\"yoast-schema-graph\">{\"@context\":\"https:\/\/schema.org\",\"@graph\":[{\"@type\":\"WebPage\",\"@id\":\"https:\/\/instahelp.me\/fr\/mentions-legales\/\",\"url\":\"https:\/\/instahelp.me\/fr\/mentions-legales\/\",\"name\":\"Mentions l\u00e9gales - Instahelp\",\"isPartOf\":{\"@id\":\"https:\/\/instahelp.me\/fr\/#website\"},\"dateModified\":\"2026-03-19T12:44:01+00:00\",\"description\":\"Coordonn\u00e9es et informations sur notre entreprise\",\"breadcrumb\":{\"@id\":\"https:\/\/instahelp.me\/fr\/mentions-legales\/#breadcrumb\"},\"inLanguage\":\"fr-FR\",\"potentialAction\":[{\"@type\":\"ReadAction\",\"target\":[\"https:\/\/instahelp.me\/fr\/mentions-legales\/\"]}]},{\"@type\":\"BreadcrumbList\",\"@id\":\"https:\/\/instahelp.me\/fr\/mentions-legales\/#breadcrumb\",\"itemListElement\":[{\"@type\":\"ListItem\",\"position\":1,\"name\":\"Instahelp\",\"item\":\"https:\/\/instahelp.me\/fr\/\"},{\"@type\":\"ListItem\",\"position\":2,\"name\":\"Mentions l\u00e9gales\"}]},{\"@type\":\"WebSite\",\"@id\":\"https:\/\/instahelp.me\/fr\/#website\",\"url\":\"https:\/\/instahelp.me\/fr\/\",\"name\":\"Instahelp - Th\u00e9rapie et consultation en ligne\",\"description\":\"Th\u00e9rapie et consultation psychologique en ligne \u2013 sans d\u00e9lai d&#039;attente, par chat vid\u00e9o et audio\",\"publisher\":{\"@id\":\"https:\/\/instahelp.me\/fr\/#organization\"},\"potentialAction\":[{\"@type\":\"SearchAction\",\"target\":{\"@type\":\"EntryPoint\",\"urlTemplate\":\"https:\/\/instahelp.me\/fr\/?s={search_term_string}\"},\"query-input\":{\"@type\":\"PropertyValueSpecification\",\"valueRequired\":true,\"valueName\":\"search_term_string\"}}],\"inLanguage\":\"fr-FR\"},{\"@type\":\"Organization\",\"@id\":\"https:\/\/instahelp.me\/fr\/#organization\",\"name\":\"Instahelp\",\"url\":\"https:\/\/instahelp.me\/fr\/\",\"logo\":{\"@type\":\"ImageObject\",\"inLanguage\":\"fr-FR\",\"@id\":\"https:\/\/instahelp.me\/fr\/#\/schema\/logo\/image\/\",\"url\":\"https:\/\/instahelp.me\/wp-content\/uploads\/2016\/07\/instahelp-mail-logo.png\",\"contentUrl\":\"https:\/\/instahelp.me\/wp-content\/uploads\/2016\/07\/instahelp-mail-logo.png\",\"width\":142,\"height\":29,\"caption\":\"Instahelp\"},\"image\":{\"@id\":\"https:\/\/instahelp.me\/fr\/#\/schema\/logo\/image\/\"},\"sameAs\":[\"https:\/\/www.facebook.com\/instahelp.me\/\",\"https:\/\/x.com\/instahelp_me\",\"https:\/\/www.instagram.com\/instahelp.me\/\"]}]}<\/script>\n<!-- \/ Yoast SEO plugin. -->","yoast_head_json":{"title":"Mentions l\u00e9gales - Instahelp","description":"Coordonn\u00e9es et informations sur notre entreprise","robots":{"index":"index","follow":"follow","max-snippet":"max-snippet:-1","max-image-preview":"max-image-preview:large","max-video-preview":"max-video-preview:-1"},"canonical":"https:\/\/instahelp.me\/fr\/wp-json\/wp\/v2\/pages\/7189\/","og_locale":"fr_FR","og_type":"article","og_title":"Mentions l\u00e9gales - Instahelp","og_description":"Coordonn\u00e9es et informations sur notre entreprise","og_url":"https:\/\/instahelp.me\/fr\/wp-json\/wp\/v2\/pages\/7189\/","og_site_name":"Instahelp - Th\u00e9rapie et consultation en ligne","article_publisher":"https:\/\/www.facebook.com\/instahelp.me\/","article_modified_time":"2026-03-19T12:44:01+00:00","twitter_card":"summary_large_image","twitter_site":"@instahelp_me","twitter_misc":{"Dur\u00e9e de lecture estim\u00e9e":"1 minute"},"schema":{"@context":"https:\/\/schema.org","@graph":[{"@type":"WebPage","@id":"https:\/\/instahelp.me\/fr\/mentions-legales\/","url":"https:\/\/instahelp.me\/fr\/mentions-legales\/","name":"Mentions l\u00e9gales - Instahelp","isPartOf":{"@id":"https:\/\/instahelp.me\/fr\/#website"},"dateModified":"2026-03-19T12:44:01+00:00","description":"Coordonn\u00e9es et informations sur notre entreprise","breadcrumb":{"@id":"https:\/\/instahelp.me\/fr\/mentions-legales\/#breadcrumb"},"inLanguage":"fr-FR","potentialAction":[{"@type":"ReadAction","target":["https:\/\/instahelp.me\/fr\/mentions-legales\/"]}]},{"@type":"BreadcrumbList","@id":"https:\/\/instahelp.me\/fr\/mentions-legales\/#breadcrumb","itemListElement":[{"@type":"ListItem","position":1,"name":"Instahelp","item":"https:\/\/instahelp.me\/fr\/"},{"@type":"ListItem","position":2,"name":"Mentions l\u00e9gales"}]},{"@type":"WebSite","@id":"https:\/\/instahelp.me\/fr\/#website","url":"https:\/\/instahelp.me\/fr\/","name":"Instahelp - Th\u00e9rapie et consultation en ligne","description":"Th\u00e9rapie et consultation psychologique en ligne \u2013 sans d\u00e9lai d&#039;attente, par chat vid\u00e9o et audio","publisher":{"@id":"https:\/\/instahelp.me\/fr\/#organization"},"potentialAction":[{"@type":"SearchAction","target":{"@type":"EntryPoint","urlTemplate":"https:\/\/instahelp.me\/fr\/?s={search_term_string}"},"query-input":{"@type":"PropertyValueSpecification","valueRequired":true,"valueName":"search_term_string"}}],"inLanguage":"fr-FR"},{"@type":"Organization","@id":"https:\/\/instahelp.me\/fr\/#organization","name":"Instahelp","url":"https:\/\/instahelp.me\/fr\/","logo":{"@type":"ImageObject","inLanguage":"fr-FR","@id":"https:\/\/instahelp.me\/fr\/#\/schema\/logo\/image\/","url":"https:\/\/instahelp.me\/wp-content\/uploads\/2016\/07\/instahelp-mail-logo.png","contentUrl":"https:\/\/instahelp.me\/wp-content\/uploads\/2016\/07\/instahelp-mail-logo.png","width":142,"height":29,"caption":"Instahelp"},"image":{"@id":"https:\/\/instahelp.me\/fr\/#\/schema\/logo\/image\/"},"sameAs":["https:\/\/www.facebook.com\/instahelp.me\/","https:\/\/x.com\/instahelp_me","https:\/\/www.instagram.com\/instahelp.me\/"]}]}},"_links":{"self":[{"href":"https:\/\/instahelp.me\/fr\/wp-json\/wp\/v2\/pages\/7189","targetHints":{"allow":["GET"]}}],"collection":[{"href":"https:\/\/instahelp.me\/fr\/wp-json\/wp\/v2\/pages"}],"about":[{"href":"https:\/\/instahelp.me\/fr\/wp-json\/wp\/v2\/types\/page"}],"author":[{"embeddable":true,"href":"https:\/\/instahelp.me\/fr\/wp-json\/wp\/v2\/users\/1"}],"replies":[{"embeddable":true,"href":"https:\/\/instahelp.me\/fr\/wp-json\/wp\/v2\/comments?post=7189"}],"version-history":[{"count":13,"href":"https:\/\/instahelp.me\/fr\/wp-json\/wp\/v2\/pages\/7189\/revisions"}],"predecessor-version":[{"id":36366,"href":"https:\/\/instahelp.me\/fr\/wp-json\/wp\/v2\/pages\/7189\/revisions\/36366"}],"wp:attachment":[{"href":"https:\/\/instahelp.me\/fr\/wp-json\/wp\/v2\/media?parent=7189"}],"curies":[{"name":"wp","href":"https:\/\/api.w.org\/{rel}","templated":true}]}}